{"id":445,"date":"2024-03-02T21:56:54","date_gmt":"2024-03-02T20:56:54","guid":{"rendered":"https:\/\/casadeujo.com\/betriebsordnung-der-ujo-huette"},"modified":"2024-04-16T09:20:01","modified_gmt":"2024-04-16T08:20:01","slug":"betriebsordnung-der-ujo-huette","status":"publish","type":"page","link":"https:\/\/casadeujo.com\/de\/betriebsordnung-der-ujo-huette","title":{"rendered":"Betriebsordnung der Ujo-H\u00fctte"},"content":{"rendered":"\n<p>Die H\u00fctte Ujo ist ein separates Haus, das f\u00fcr Erholungsaufenthalte gedacht ist. Die allgemeine Reinigung zwischen den Aufenthalten und ein Teil der Instandhaltung wird von einer Reinigungsfirma &#8211; \u00daklidovka A\u0161 &#8211; \u00fcbernommen.<\/p>\n\n<p>Der technische Administrator k\u00fcmmert sich je nach Bedarf um die technische Wartung.<\/p>\n\n<p>Beide Dienstleistungen werden von einer bevollm\u00e4chtigten Person erbracht und der Umfang ihrer Arbeit wird von ihr in Auftrag gegeben. Verwalter, der auch die Qualit\u00e4t der geleisteten Arbeit \u00fcberwacht.<\/p>\n\n<p>Der Reinigungsdienst von A\u0161 ist f\u00fcr die allgemeine Reinigung der einzelnen Zimmer nach der Abreise der G\u00e4ste und f\u00fcr die Vorbereitung des Ferienhauses f\u00fcr den n\u00e4chsten vereinbarten Aufenthalt gem\u00e4\u00df den internen Vorschriften (Verwendung von Desinfektions- und Reinigungsmitteln, Waschen, Wischen usw.) zust\u00e4ndig.<\/p>\n\n<p>Der technische Leiter sorgt daf\u00fcr, dass die erforderlichen Wartungsarbeiten, einschlie\u00dflich der Pflege des Kraftstoffs, durchgef\u00fchrt werden, und stellt die entsprechenden Fachleute zur Verf\u00fcgung. Ausnahmsweise kann sie die Vertretung von Frau durch den Manager beim Check-In.<\/p>\n\n<p>F\u00fcr das Geb\u00e4ude verantwortliche Person<\/p>\n\n<ul class=\"wp-block-list\">\n<li>Er \u00fcbergibt die Schl\u00fcssel an die Kunden, f\u00fchrt das G\u00e4stebuch und nimmt eventuelle zus\u00e4tzliche Barzahlungen entgegen.<\/li>\n<\/ul>\n\n<ul class=\"wp-block-list\">\n<li>Die Kunden werden kurz mit der Hausordnung vertraut gemacht und in die Nutzung des Ferienhauses eingef\u00fchrt.<\/li>\n<\/ul>\n\n<ul class=\"wp-block-list\">\n<li>In der kalten Jahreszeit k\u00fcmmert er sich um den Holzofen (Fegen und Fluten vor der Ankunft, oder temperiert das Geb\u00e4ude bei eisigen Temperaturen um -10\u00b0C),<\/li>\n<\/ul>\n\n<ul class=\"wp-block-list\">\n<li>Schaltet das Wasser und die Heizung aus, l\u00e4sst das Wasser bei Frost ab.<\/li>\n<\/ul>\n\n<ul class=\"wp-block-list\">\n<li>Steuert das Ausschalten des K\u00fchlschranks<\/li>\n<\/ul>\n\n<ul class=\"wp-block-list\">\n<li>Sicherstellung und Kontrolle der Qualit\u00e4t der durchgef\u00fchrten Wartungsarbeiten<\/li>\n<\/ul>\n\n<ul class=\"wp-block-list\">\n<li>Bietet spezifische (adressierbare) Details f\u00fcr Kunden &#8211; Dekorationen vor den Feiertagen, besondere Aufmerksamkeit (Spielzeug, Spiele) und deren Wartung.<\/li>\n<\/ul>\n\n<ul class=\"wp-block-list\">\n<li>Sorgt f\u00fcr einen ausreichenden Inhalt des Erste-Hilfe-Kastens<\/li>\n<\/ul>\n\n<ul class=\"wp-block-list\">\n<li>Sie stellt Material zum Fluten bereit (Streichh\u00f6lzer, PE-PO) und informiert \u00fcber die Nutzung des Kaminofens und dessen Schutz vor Kindern (Sicherheitsbarriere um den Kaminofen).<\/li>\n<\/ul>\n\n<ul class=\"wp-block-list\">\n<li>Es gibt Auskunft \u00fcber den Brennstoffvorrat, der dann von den G\u00e4sten selbst zum Herd gebracht wird.<\/li>\n<\/ul>\n\n<ul class=\"wp-block-list\">\n<li>An warmen Tagen informiert sie ebenfalls \u00fcber die Nutzung von Feuerstellen im Freien.<\/li>\n<\/ul>\n\n<ul class=\"wp-block-list\">\n<li>Es erg\u00e4nzt die wesentlichen Betriebsmittel &#8211; Reinigungsmittel f\u00fcr die routinem\u00e4\u00dfige Wartung w\u00e4hrend des Aufenthalts der Kunden, Toilettenpapier, Erste-Hilfe-Kasten.<\/li>\n<\/ul>\n\n<p>Die routinem\u00e4\u00dfige t\u00e4gliche Wartung des Ferienhauses und seiner Ausstattung liegt w\u00e4hrend des Aufenthalts vollst\u00e4ndig in den H\u00e4nden der Kunden. Unter der K\u00fcchensp\u00fcle werden Wasch-, Reinigungs- und Desinfektionsmittel gelagert, darunter Schw\u00e4mme, T\u00fccher und B\u00fcrsten. Eimer, Besen und Wischmopp befinden sich im Badezimmer im Erdgeschoss oder unter der Treppe hinter dem Holzofen.  <\/p>\n\n<ul class=\"wp-block-list\">\n<li>Die G\u00e4ste k\u00f6nnen den K\u00fchlschrank selbst mit dem Drehknopf im Inneren einschalten und den gew\u00fcnschten Temperaturbereich nach Bedarf einstellen.<\/li>\n<\/ul>\n\n<ul class=\"wp-block-list\">\n<li>F\u00fcr die schnelle Erw\u00e4rmung von Speisen haben sie einen konventionellen Mikrowellenherd<\/li>\n<\/ul>\n\n<ul class=\"wp-block-list\">\n<li>Zum Kochen und Backen k\u00f6nnen sie einen Herd mit Induktionskochfeld benutzen &#8211; Achtung, hier wird sehr schnell geheizt!<\/li>\n<\/ul>\n\n<ul class=\"wp-block-list\">\n<li>F\u00fcr die Zubereitung von hei\u00dfem Wasser f\u00fcr das Essen, haben sie einen normalen Wasserkocher<\/li>\n<\/ul>\n\n<ul class=\"wp-block-list\">\n<li>F\u00fcr die Pflege von Textilien k\u00f6nnen eine Waschmaschine nach der Gebrauchsanweisung verwenden<\/li>\n<\/ul>\n\n<ul class=\"wp-block-list\">\n<li>F\u00fcr die K\u00f6rperpflege stehen ihnen zwei renovierte Toiletten in zwei Badezimmern und eine Dusche im Erdgeschoss zur Verf\u00fcgung.<\/li>\n<\/ul>\n\n<ul class=\"wp-block-list\">\n<li>Der Abfalleimer in der K\u00fcche kann w\u00e4hrend des Aufenthaltes geleert werden &#8211; bringen Sie ihn zum M\u00fclleimer hinter dem Haus, Ersatzm\u00fclls\u00e4cke befinden sich unter der Sp\u00fcle<\/li>\n<\/ul>\n\n<ul class=\"wp-block-list\">\n<li>Der Erste-Hilfe-Kasten befindet sich in der mit einem roten Kreuz gekennzeichneten Schublade. Dieser Tag enth\u00e4lt auch Telefonnummern f\u00fcr Krisenf\u00e4lle.<\/li>\n<\/ul>\n\n<ul class=\"wp-block-list\">\n<li>An kalten Tagen k\u00f6nnen Sie sich im Holzofen aufw\u00e4rmen. Der Brennstoff wird hinter dem Haus gestapelt und in verschiedene Gr\u00f6\u00dfen zerhackt.<\/li>\n<\/ul>\n\n<ul class=\"wp-block-list\">\n<li>Um die Temperatur zu erh\u00f6hen, z. B. Im Schlafzimmer k\u00f6nnen Sie eine elektrische Heizung benutzen, die in einem Schrank unter dem Waschbecken im Badezimmer im Erdgeschoss mit einem Verl\u00e4ngerungskabel untergebracht ist.<\/li>\n<\/ul>\n\n<ul class=\"wp-block-list\">\n<li>Es gibt auch einen Haartrockner zum Trocknen der Haare.<\/li>\n<\/ul>\n\n<ul class=\"wp-block-list\">\n<li>Die Kunden sind verpflichtet, beim Heizen die Sicherheitsvorkehrungen zu beachten, d. h. ein offenes Feuer nur zum Anz\u00fcnden zu verwenden, die Glut nicht aus dem Ofen zu holen und die Asche in einem Metallbeh\u00e4lter zu sammeln. Wenn es abgek\u00fchlt ist, kommt es in den M\u00fclleimer.<\/li>\n<\/ul>\n\n<ul class=\"wp-block-list\">\n<li>F\u00fcr den Fall eines Stromausfalls haben die Kunden eine Taschenlampe in der Schublade neben dem Erste-Hilfe-Kasten. Das Abbrennen von Kerzen (au\u00dfer Teelichtern) in Glasbeh\u00e4ltern ist in der H\u00fctte aus Gr\u00fcnden des Brandschutzes streng verboten.<\/li>\n<\/ul>\n\n<ul class=\"wp-block-list\">\n<li>Die brennende Kerze muss au\u00dferhalb der Reichweite von Minderj\u00e4hrigen und Tieren stehen.<\/li>\n<\/ul>\n\n<ul class=\"wp-block-list\">\n<li>Der Erste-Hilfe-Kasten kann je nach Bedarf verwendet werden, sein Inhalt muss jedoch au\u00dferhalb der Reichweite von Kindern und Tieren aufbewahrt werden.<\/li>\n<\/ul>\n\n<ul class=\"wp-block-list\">\n<li>Der Rauchmelder piept, wenn eine h\u00f6here Rauchkonzentration im Raum vorhanden ist. Es kann ausgeschaltet werden, indem die Taste 5 Sekunden lang gedr\u00fcckt wird. Der Rauch wird am besten durch \u00d6ffnen des K\u00fcchenfensters und der T\u00fcr nach drau\u00dfen abgef\u00fchrt.<\/li>\n<\/ul>\n\n<ul class=\"wp-block-list\">\n<li>Der CO2-Melder befindet sich oben am Balken, sein Piepen kann auch durch 5 Sekunden langes Dr\u00fccken der Taste abgeschaltet werden und Abhilfe schafft ein kurzes L\u00fcften, am besten durch einen Luftzug.<\/li>\n<\/ul>\n\n<ul class=\"wp-block-list\">\n<li>Das Rauchen jeglicher Art und Weise ist im Geb\u00e4ude verboten. Es ist daher notwendig, bis zur T\u00fcrschwelle zu gehen, wo ein Aschenbecher zur Verf\u00fcgung steht. Die Zigarettenstummel geh\u00f6ren in den M\u00fclleimer, nachdem sie gel\u00f6scht und abgek\u00fchlt sind.<\/li>\n<\/ul>\n\n<ul class=\"wp-block-list\">\n<li>Spiele und Spielzeuge k\u00f6nnen ohne Einschr\u00e4nkung benutzt werden und werden nach Ende des Aufenthalts entsprechend behandelt und gereinigt oder gewaschen. Die Kinder k\u00f6nnen ihre gebrauchten Malb\u00fccher mitnehmen.<\/li>\n<\/ul>\n\n<ul class=\"wp-block-list\">\n<li>Die in der H\u00fctte vorhandenen Ger\u00e4te k\u00f6nnen vom Kunden je nach Bedarf und Verwendungszweck genutzt werden.<\/li>\n<\/ul>\n\n<p>Hinweis: Der Begriff &#8222;konventionelles Ger\u00e4t&#8220; bezeichnet ein Ger\u00e4t mit einfachen Bedienelementen, wie sie f\u00fcr die meisten Produkte verwendet werden. Der Ein\/Aus-Schalter ist klar und einfach mit internationalen Symbolen gekennzeichnet.<\/p>\n","protected":false},"excerpt":{"rendered":"<p>Die H\u00fctte Ujo ist ein separates Haus, das f\u00fcr Erholungsaufenthalte gedacht ist. Die allgemeine Reinigung zwischen den Aufenthalten und ein Teil der Instandhaltung wird von einer Reinigungsfirma &#8211; \u00daklidovka A\u0161 &#8211; \u00fcbernommen. Der technische Administrator k\u00fcmmert sich je nach Bedarf um die technische Wartung. Beide Dienstleistungen werden von einer bevollm\u00e4chtigten Person erbracht und der Umfang &hellip; <a href=\"https:\/\/casadeujo.com\/de\/betriebsordnung-der-ujo-huette\" class=\"more-link\">Continue reading<span class=\"screen-reader-text\"> &#8222;Betriebsordnung der Ujo-H\u00fctte&#8220;<\/span><\/a><\/p>\n","protected":false},"author":1,"featured_media":0,"parent":0,"menu_order":0,"comment_status":"closed","ping_status":"closed","template":"","meta":{"_monsterinsights_skip_tracking":false,"_monsterinsights_sitenote_active":false,"_monsterinsights_sitenote_note":"","_monsterinsights_sitenote_category":0,"_uf_show_specific_survey":0,"_uf_disable_surveys":false,"footnotes":""},"class_list":["post-445","page","type-page","status-publish","hentry"],"_links":{"self":[{"href":"https:\/\/casadeujo.com\/de\/wp-json\/wp\/v2\/pages\/445","targetHints":{"allow":["GET"]}}],"collection":[{"href":"https:\/\/casadeujo.com\/de\/wp-json\/wp\/v2\/pages"}],"about":[{"href":"https:\/\/casadeujo.com\/de\/wp-json\/wp\/v2\/types\/page"}],"author":[{"embeddable":true,"href":"https:\/\/casadeujo.com\/de\/wp-json\/wp\/v2\/users\/1"}],"replies":[{"embeddable":true,"href":"https:\/\/casadeujo.com\/de\/wp-json\/wp\/v2\/comments?post=445"}],"version-history":[{"count":3,"href":"https:\/\/casadeujo.com\/de\/wp-json\/wp\/v2\/pages\/445\/revisions"}],"predecessor-version":[{"id":449,"href":"https:\/\/casadeujo.com\/de\/wp-json\/wp\/v2\/pages\/445\/revisions\/449"}],"wp:attachment":[{"href":"https:\/\/casadeujo.com\/de\/wp-json\/wp\/v2\/media?parent=445"}],"curies":[{"name":"wp","href":"https:\/\/api.w.org\/{rel}","templated":true}]}}