{"id":488,"date":"2024-03-02T21:52:42","date_gmt":"2024-03-02T20:52:42","guid":{"rendered":"https:\/\/casadeujo.com\/wo-sie-uns-finden"},"modified":"2025-07-06T00:52:44","modified_gmt":"2025-07-05T23:52:44","slug":"wo-sie-uns-finden","status":"publish","type":"page","link":"https:\/\/casadeujo.com\/de\/wo-sie-uns-finden","title":{"rendered":"Kontakt"},"content":{"rendered":"\n<h2 class=\"wp-block-heading\">Kontaktieren Sie uns<\/h2>\n\n<p>Haben Sie eine Frage, einen Wunsch oder m\u00f6chten Sie Ihren Aufenthalt direkt buchen? Wir sind per Telefon, E-Mail oder Messenger erreichbar.<\/p>\n\n<ul class=\"wp-block-list\">\n<li><strong>\ud83d\udcf1 Telefon:<\/strong> <a href=\"tel:+420774983572\">+420 774 983 572<\/a><\/li>\n\n\n\n<li><strong>\ud83d\udce7 E-Mail:<\/strong> <a href=\"mailto:chataujo@seznam.cz\">chataujo@seznam.cz<\/a> oder <a href=\"mailto:info@casadeujo.com\">info@casadeujo.com<\/a><\/li>\n\n\n\n<li><strong>\ud83d\udecb Messenger:<\/strong> <a href=\"https:\/\/m.me\/casadeujo\" target=\"_blank\" rel=\"noreferrer noopener\">Mailen Sie uns<\/a><\/li>\n<\/ul>\n\n<p><strong>\ud83d\udccd Adresse der Unterkunft:<\/strong><br\/>Chata Ujo, Stud\u00e1nka 103, 351 34 Hranice u A\u0161e, \u010cesk\u00e1 republika<\/p>\n\n<p><strong>\ud83d\udd50 Reaktionszeit:<\/strong> Wir antworten in der Regel innerhalb weniger Stunden.<br\/>Wir sind auch \u00fcber WhatsApp, SMS oder klassische Anrufe erreichbar.<\/p>\n\n<p><strong>\ud83c\udf10 Wir sprechen Tschechisch, Spanisch, Englisch und Deutsch.<\/strong><\/p>\n\n<hr class=\"wp-block-separator has-alpha-channel-opacity\"\/>\n\n<h3 class=\"wp-block-heading\">\ud83d\ude97 Wie erreichen Sie uns?<\/h3>\n\n<p>Das Ferienhaus Ujo befindet sich in dem Dorf Stud\u00e1nka am westlichen Rand der Tschechischen Republik, nur wenige Minuten von der Stadt A\u0161 und der Grenze zu Deutschland entfernt.<\/p>\n\n<ul class=\"wp-block-list\">\n<li>\ud83d\ude98 Von <strong>Prag<\/strong> &#8211; etwa 2 Stunden und 30 Minuten (190 km)<\/li>\n\n\n\n<li>\ud83d\ude98 Von <strong>Pilsen<\/strong> &#8211; ca. 1 Stunde und 45 Minuten (130 km)<\/li>\n\n\n\n<li>\ud83d\ude98 Von <strong>Cheb<\/strong> &#8211; 30 Minuten (35 km)<\/li>\n\n\n\n<li>\ud83d\ude98 Von <strong>N\u00fcrnberg (N\u00fcrnberg)<\/strong> &#8211; ca. 2 Stunden (160 km)<\/li>\n\n\n\n<li>\ud83d\ude98 Von <strong>Dresden<\/strong> &#8211; ca. 2 Stunden und 15 Minuten (170 km)<\/li>\n<\/ul>\n\n<p>Mit dem Auto k\u00f6nnen Sie bequem \u00fcber die E48 \/ D6 (Richtung Cheb) und dann \u00fcber A\u0161 nach Stud\u00e1nka fahren.<\/p>\n\n<hr class=\"wp-block-separator has-alpha-channel-opacity\"\/>\n\n<h3 class=\"wp-block-heading\">\ud83d\udccd Sie k\u00f6nnen uns hier finden:<\/h3>\n\n<p><strong>GPS-Koordinaten:<\/strong><br\/>Breitengrad: <code>50.295180<\/code><br\/>L\u00e4ngengrad: <code>12.206860<\/code><br\/>Kopieren Sie die Koordinaten und f\u00fcgen Sie sie in Ihr Navigationssystem oder Ihre mobile Karte ein: <\/p>\n\n<p>https:\/\/www.google.com\/maps?q=50.295180,12.206860&#038;hl=cs&#038;z=15&#038;output=embed<\/p>\n","protected":false},"excerpt":{"rendered":"<p>Kontaktieren Sie uns Haben Sie eine Frage, einen Wunsch oder m\u00f6chten Sie Ihren Aufenthalt direkt buchen? Wir sind per Telefon, E-Mail oder Messenger erreichbar. \ud83d\udccd Adresse der Unterkunft:Chata Ujo, Stud\u00e1nka 103, 351 34 Hranice u A\u0161e, \u010cesk\u00e1 republika \ud83d\udd50 Reaktionszeit: Wir antworten in der Regel innerhalb weniger Stunden.Wir sind auch \u00fcber WhatsApp, SMS oder klassische &hellip; <a href=\"https:\/\/casadeujo.com\/de\/wo-sie-uns-finden\" class=\"more-link\">Continue reading<span class=\"screen-reader-text\"> &#8222;Kontakt&#8220;<\/span><\/a><\/p>\n","protected":false},"author":1,"featured_media":0,"parent":0,"menu_order":0,"comment_status":"closed","ping_status":"closed","template":"","meta":{"_monsterinsights_skip_tracking":false,"_monsterinsights_sitenote_active":false,"_monsterinsights_sitenote_note":"","_monsterinsights_sitenote_category":0,"_uf_show_specific_survey":0,"_uf_disable_surveys":false,"footnotes":""},"class_list":["post-488","page","type-page","status-publish","hentry"],"_links":{"self":[{"href":"https:\/\/casadeujo.com\/de\/wp-json\/wp\/v2\/pages\/488","targetHints":{"allow":["GET"]}}],"collection":[{"href":"https:\/\/casadeujo.com\/de\/wp-json\/wp\/v2\/pages"}],"about":[{"href":"https:\/\/casadeujo.com\/de\/wp-json\/wp\/v2\/types\/page"}],"author":[{"embeddable":true,"href":"https:\/\/casadeujo.com\/de\/wp-json\/wp\/v2\/users\/1"}],"replies":[{"embeddable":true,"href":"https:\/\/casadeujo.com\/de\/wp-json\/wp\/v2\/comments?post=488"}],"version-history":[{"count":5,"href":"https:\/\/casadeujo.com\/de\/wp-json\/wp\/v2\/pages\/488\/revisions"}],"predecessor-version":[{"id":783,"href":"https:\/\/casadeujo.com\/de\/wp-json\/wp\/v2\/pages\/488\/revisions\/783"}],"wp:attachment":[{"href":"https:\/\/casadeujo.com\/de\/wp-json\/wp\/v2\/media?parent=488"}],"curies":[{"name":"wp","href":"https:\/\/api.w.org\/{rel}","templated":true}]}}