{"id":507,"date":"2024-03-04T12:12:26","date_gmt":"2024-03-04T11:12:26","guid":{"rendered":"https:\/\/casadeujo.com\/reservierungen"},"modified":"2024-04-16T09:22:28","modified_gmt":"2024-04-16T08:22:28","slug":"reservierungen","status":"publish","type":"page","link":"https:\/\/casadeujo.com\/de\/reservierungen","title":{"rendered":"Reservierungen"},"content":{"rendered":"\n<p>Sind Sie bereit f\u00fcr ein unvergessliches Erlebnis? Besuchen Sie unsere Website, um Ihren Aufenthalt im Casa de Ujo zu buchen. F\u00fcr fr\u00fchzeitige Buchungen sind Sonderpreise und -pakete erh\u00e4ltlich. Erleben Sie die perfekte Mischung aus Luxus und Natur in der Casa de Ujo, wo unvergessliche Erlebnisse auf Sie warten.<\/p>\n\n<p>Kontakt: Wenn Sie weitere Informationen w\u00fcnschen oder eine Reservierung vornehmen m\u00f6chten, wenden Sie sich bitte an uns:<\/p>\n\n<p>E-Mail: <a href=\"mailto:info@casadeujo.com\">info@casadeujo.com<\/a><\/p>\n\n<p>Telefon: <a href=\"Tel:%20+420774983572\">+420 774 983572<\/a><\/p>\n\n<p>Wir freuen uns darauf, Sie in Casa de Ujo begr\u00fc\u00dfen zu d\u00fcrfen &#8211; wo Ihre Reise zu Entspannung und Abenteuer beginnt!<\/p>\n<p style=\"text-align: left;\"><div class=\"mphb_sc_availability_calendar-wrapper\">\t<div class=\"mphb-calendar mphb-datepick inlinePicker mphb-calendar--direct-booking\" data-room-type-id=\"72\" data-monthstoshow=\"3\" data-is_show_prices=\"0\" data-is_truncate_prices=\"1\" data-is_show_prices_currency=\"1\" data-first_available_check_in_date=\"2027-04-17\"><\/div>\n\t<\/div><\/p>\n\n<div class=\"mphb_sc_search-wrapper \">\n<form method=\"GET\" class=\"mphb_sc_search-form\" action=\"https:\/\/casadeujo.com\/de\/suchergebnisse\" data-first_available_check_in_date=\"2027-04-17\">\n\n\t<p class = \"mphb-required-fields-tip\">\n\t<small>\n\t\tErforderliche Felder werden gefolgt von\t\t<abbr title=\"required\">*<\/abbr>\n\t<\/small>\n<\/p>\n\n\t<p class=\"mphb_sc_search-check-in-date\">\n\t\t<label for=\"mphb_check_in_date-mphb-search-form-69e12d2b318a9\">\n\t\t\tAnreise\t\t\t<abbr title=\"Formatiert als dd\/mm\/yyyy\">*<\/abbr>\n\t\t<\/label>\n\t\t<br \/>\n\t\t<input\n\t\t\tid=\"mphb_check_in_date-mphb-search-form-69e12d2b318a9\"\n\t\t\tdata-datepick-group=\"mphb-search-form-69e12d2b318a9\"\n\t\t\tvalue=\"\"\n\t\t\tplaceholder=\"Anreisedatum\"\n\t\t\trequired=\"required\"\n\t\t\ttype=\"text\"\n\t\t\tinputmode=\"none\"\n\t\t\tname=\"mphb_check_in_date\"\n\t\t\tclass=\"mphb-datepick\"\n\t\t\tautocomplete=\"off\"\n\t\t\t\/>\n\t<\/p>\n\n\t<p class=\"mphb_sc_search-check-out-date\">\n\t\t<label for=\"mphb_check_out_date-mphb-search-form-69e12d2b318a9\">\n\t\t\tAbreise\t\t\t<abbr title=\"Formatiert als dd\/mm\/yyyy\">*<\/abbr>\n\t\t<\/label>\n\t\t<br \/>\n\t\t<input\n\t\t\tid=\"mphb_check_out_date-mphb-search-form-69e12d2b318a9\"\n\t\t\tdata-datepick-group=\"mphb-search-form-69e12d2b318a9\"\n\t\t\tvalue=\"\"\n\t\t\tplaceholder=\"Abreisedatum\"\n\t\t\trequired=\"required\"\n\t\t\ttype=\"text\"\n\t\t\tinputmode=\"none\"\n\t\t\tname=\"mphb_check_out_date\"\n\t\t\tclass=\"mphb-datepick\"\n\t\t\tautocomplete=\"off\"\n\t\t\t\/>\n\t<\/p>\n\n\t\t\t<p class=\"mphb_sc_search-adults\">\n\t\t\t<label for=\"mphb_adults-mphb-search-form-69e12d2b318a9\">\n\t\t\t\tErwachsene\t\t\t<\/label>\n\t\t\t<br \/>\n\t\t\t<select id=\"mphb_adults-mphb-search-form-69e12d2b318a9\" name=\"mphb_adults\" >\n\t\t\t\t\t\t\t\t\t<option value=\"1\"  selected='selected'>1<\/option>\n\t\t\t\t\t\t\t\t\t<option value=\"2\" >2<\/option>\n\t\t\t\t\t\t\t\t\t<option value=\"3\" >3<\/option>\n\t\t\t\t\t\t\t\t\t<option value=\"4\" >4<\/option>\n\t\t\t\t\t\t\t\t\t<option value=\"5\" >5<\/option>\n\t\t\t\t\t\t\t\t\t<option value=\"6\" >6<\/option>\n\t\t\t\t\t\t\t\t\t<option value=\"7\" >7<\/option>\n\t\t\t\t\t\t\t<\/select>\n\t\t<\/p>\n\t\n\t\t\t<p class=\"mphb_sc_search-children\">\n\t\t\t<label for=\"mphb_children-mphb-search-form-69e12d2b318a9\">\n\t\t\t\tKinder\t\t\t<\/label>\n\t\t\t<br \/>\n\t\t\t<select id=\"mphb_children-mphb-search-form-69e12d2b318a9\" name=\"mphb_children\">\n\t\t\t\t\t\t\t\t\t<option value=\"0\"  selected='selected'>0<\/option>\n\t\t\t\t\t\t\t\t\t<option value=\"1\" >1<\/option>\n\t\t\t\t\t\t\t\t\t<option value=\"2\" >2<\/option>\n\t\t\t\t\t\t\t<\/select>\n\t\t<\/p>\n\t\n\t\n\t\n\t<input id=\"mphb_check_in_date-mphb-search-form-69e12d2b318a9-hidden\" value=\"\" type=\"hidden\" name=\"mphb_check_in_date\" \/><input id=\"mphb_check_out_date-mphb-search-form-69e12d2b318a9-hidden\" value=\"\" type=\"hidden\" name=\"mphb_check_out_date\" \/>\n\t<p class=\"mphb_sc_search-submit-button-wrapper\">\n\t\t<input type=\"submit\" class=\"button\" value=\"Suche\"\/>\n\t<\/p>\n\n\t\n<\/form>\n<\/div>\n","protected":false},"excerpt":{"rendered":"<p>Sind Sie bereit f\u00fcr ein unvergessliches Erlebnis? Besuchen Sie unsere Website, um Ihren Aufenthalt im Casa de Ujo zu buchen. F\u00fcr fr\u00fchzeitige Buchungen sind Sonderpreise und -pakete erh\u00e4ltlich. Erleben Sie die perfekte Mischung aus Luxus und Natur in der Casa de Ujo, wo unvergessliche Erlebnisse auf Sie warten. Kontakt: Wenn Sie weitere Informationen w\u00fcnschen oder &hellip; <a href=\"https:\/\/casadeujo.com\/de\/reservierungen\" class=\"more-link\">Continue reading<span class=\"screen-reader-text\"> &#8222;Reservierungen&#8220;<\/span><\/a><\/p>\n","protected":false},"author":1,"featured_media":0,"parent":0,"menu_order":0,"comment_status":"closed","ping_status":"closed","template":"","meta":{"_monsterinsights_skip_tracking":false,"_monsterinsights_sitenote_active":false,"_monsterinsights_sitenote_note":"","_monsterinsights_sitenote_category":0,"_uf_show_specific_survey":0,"_uf_disable_surveys":false,"footnotes":""},"class_list":["post-507","page","type-page","status-publish","hentry"],"_links":{"self":[{"href":"https:\/\/casadeujo.com\/de\/wp-json\/wp\/v2\/pages\/507","targetHints":{"allow":["GET"]}}],"collection":[{"href":"https:\/\/casadeujo.com\/de\/wp-json\/wp\/v2\/pages"}],"about":[{"href":"https:\/\/casadeujo.com\/de\/wp-json\/wp\/v2\/types\/page"}],"author":[{"embeddable":true,"href":"https:\/\/casadeujo.com\/de\/wp-json\/wp\/v2\/users\/1"}],"replies":[{"embeddable":true,"href":"https:\/\/casadeujo.com\/de\/wp-json\/wp\/v2\/comments?post=507"}],"version-history":[{"count":3,"href":"https:\/\/casadeujo.com\/de\/wp-json\/wp\/v2\/pages\/507\/revisions"}],"predecessor-version":[{"id":511,"href":"https:\/\/casadeujo.com\/de\/wp-json\/wp\/v2\/pages\/507\/revisions\/511"}],"wp:attachment":[{"href":"https:\/\/casadeujo.com\/de\/wp-json\/wp\/v2\/media?parent=507"}],"curies":[{"name":"wp","href":"https:\/\/api.w.org\/{rel}","templated":true}]}}