{"id":536,"date":"2024-03-02T18:26:49","date_gmt":"2024-03-02T17:26:49","guid":{"rendered":"https:\/\/casadeujo.com\/datenschutzbestimmungen"},"modified":"2024-04-16T09:24:08","modified_gmt":"2024-04-16T08:24:08","slug":"datenschutzbestimmungen","status":"publish","type":"page","link":"https:\/\/casadeujo.com\/de\/datenschutzbestimmungen","title":{"rendered":"Datenschutzbestimmungen"},"content":{"rendered":"\n<p><strong>Datenschutzbestimmungen f\u00fcr <a href=\"https:\/\/casadeujo.com\/de\">https:\/\/casadeujo.com<\/a><\/strong><\/p>\n\n<p><strong>1. einleitung<\/strong> Willkommen bei <a href=\"https:\/\/casadeujo.com\/de\">https:\/\/casadeujo.com.<\/a> Wir verpflichten uns, Ihre pers\u00f6nlichen Daten und Ihr Privatleben zu sch\u00fctzen. In dieser Datenschutzerkl\u00e4rung wird erl\u00e4utert, welche Informationen wir \u00fcber Sie sammeln, warum wir sie sammeln und wie wir sie verwenden.<\/p>\n\n<p><strong>2. Welche personenbezogenen Daten wir erfassen<\/strong> Wir k\u00f6nnen die folgenden personenbezogenen Daten erfassen und verarbeiten:<\/p>\n\n<ul class=\"wp-block-list\">\n<li>Vorname und Nachname<\/li>\n\n\n\n<li>Kontaktinformationen, einschlie\u00dflich E-Mail-Adresse und Telefonnummer<\/li>\n\n\n\n<li>Anschrift des Wohnsitzes<\/li>\n\n\n\n<li>Informationen \u00fcber Ihre Zahlung, Bankverbindung<\/li>\n\n\n\n<li>Informationen \u00fcber Ihre Nutzung unserer Website<\/li>\n<\/ul>\n\n<p><strong>3. Wie wir Ihre pers\u00f6nlichen Daten verwenden<\/strong> Wir verwenden Ihre pers\u00f6nlichen Daten, um:<\/p>\n\n<ul class=\"wp-block-list\">\n<li>Bearbeitung Ihrer Reservierungen und Erbringung unserer Dienstleistungen<\/li>\n\n\n\n<li>Verbesserung unserer Dienstleistungen und Website-Inhalte<\/li>\n\n\n\n<li>Kommunikation mit Ihnen, einschlie\u00dflich der Beantwortung Ihrer Fragen und Antr\u00e4ge<\/li>\n\n\n\n<li>Rechtliche Zwecke und Einhaltung der einschl\u00e4gigen Gesetze<\/li>\n<\/ul>\n\n<p><strong>4 Weitergabe Ihrer personenbezogenen Daten<\/strong> Ihre personenbezogenen Daten k\u00f6nnen in den folgenden F\u00e4llen an Dritte weitergegeben werden:<\/p>\n\n<ul class=\"wp-block-list\">\n<li>Soweit dies zur Erbringung unserer Dienstleistungen erforderlich ist (z. B. Zahlungsabwickler)<\/li>\n\n\n\n<li>Wenn dies gesetzlich vorgeschrieben oder zum Schutz unserer Rechte erforderlich ist<\/li>\n<\/ul>\n\n<p><strong>5. Ihre Rechte<\/strong> Sie haben das Recht auf:<\/p>\n\n<ul class=\"wp-block-list\">\n<li>Zugang zu Ihren pers\u00f6nlichen Daten beantragen<\/li>\n\n\n\n<li>Antrag auf Berichtigung oder L\u00f6schung Ihrer personenbezogenen Daten<\/li>\n\n\n\n<li>Verweigerung der Verarbeitung Ihrer personenbezogenen Daten<\/li>\n\n\n\n<li>eine Einschr\u00e4nkung der Verarbeitung Ihrer personenbezogenen Daten zu verlangen<\/li>\n<\/ul>\n\n<p><strong>6. Sicherheit Ihrer pers\u00f6nlichen Daten<\/strong> Wir ergreifen angemessene Ma\u00dfnahmen, um Ihre pers\u00f6nlichen Daten vor unbefugtem Zugriff, Ver\u00e4nderung, Weitergabe oder Zerst\u00f6rung zu sch\u00fctzen.<\/p>\n\n<p><strong>7. \u00c4nderungen an der Datenschutzrichtlinie<\/strong> Wir k\u00f6nnen diese Datenschutzrichtlinie von Zeit zu Zeit aktualisieren. Wir empfehlen Ihnen, diese Seite regelm\u00e4\u00dfig auf etwaige \u00c4nderungen zu \u00fcberpr\u00fcfen.<\/p>\n\n<p><strong>8. Kontaktinformationen<\/strong> Wenn Sie Fragen oder Bedenken bez\u00fcglich unserer Datenschutzrichtlinie haben, kontaktieren Sie uns bitte unter: info@casadeujo.com.<\/p>\n\n<p>Datum des Inkrafttretens: 02.03.2024<\/p>\n\n<p><\/p>\n","protected":false},"excerpt":{"rendered":"<p>Datenschutzbestimmungen f\u00fcr https:\/\/casadeujo.com 1. einleitung Willkommen bei https:\/\/casadeujo.com. Wir verpflichten uns, Ihre pers\u00f6nlichen Daten und Ihr Privatleben zu sch\u00fctzen. In dieser Datenschutzerkl\u00e4rung wird erl\u00e4utert, welche Informationen wir \u00fcber Sie sammeln, warum wir sie sammeln und wie wir sie verwenden. 2. Welche personenbezogenen Daten wir erfassen Wir k\u00f6nnen die folgenden personenbezogenen Daten erfassen und verarbeiten: 3. &hellip; <a href=\"https:\/\/casadeujo.com\/de\/datenschutzbestimmungen\" class=\"more-link\">Continue reading<span class=\"screen-reader-text\"> &#8222;Datenschutzbestimmungen&#8220;<\/span><\/a><\/p>\n","protected":false},"author":1,"featured_media":0,"parent":0,"menu_order":0,"comment_status":"closed","ping_status":"open","template":"","meta":{"_monsterinsights_skip_tracking":false,"_monsterinsights_sitenote_active":false,"_monsterinsights_sitenote_note":"","_monsterinsights_sitenote_category":0,"_uf_show_specific_survey":0,"_uf_disable_surveys":false,"footnotes":""},"class_list":["post-536","page","type-page","status-publish","hentry"],"_links":{"self":[{"href":"https:\/\/casadeujo.com\/de\/wp-json\/wp\/v2\/pages\/536","targetHints":{"allow":["GET"]}}],"collection":[{"href":"https:\/\/casadeujo.com\/de\/wp-json\/wp\/v2\/pages"}],"about":[{"href":"https:\/\/casadeujo.com\/de\/wp-json\/wp\/v2\/types\/page"}],"author":[{"embeddable":true,"href":"https:\/\/casadeujo.com\/de\/wp-json\/wp\/v2\/users\/1"}],"replies":[{"embeddable":true,"href":"https:\/\/casadeujo.com\/de\/wp-json\/wp\/v2\/comments?post=536"}],"version-history":[{"count":3,"href":"https:\/\/casadeujo.com\/de\/wp-json\/wp\/v2\/pages\/536\/revisions"}],"predecessor-version":[{"id":540,"href":"https:\/\/casadeujo.com\/de\/wp-json\/wp\/v2\/pages\/536\/revisions\/540"}],"wp:attachment":[{"href":"https:\/\/casadeujo.com\/de\/wp-json\/wp\/v2\/media?parent=536"}],"curies":[{"name":"wp","href":"https:\/\/api.w.org\/{rel}","templated":true}]}}