{"id":703,"date":"2025-07-05T22:47:50","date_gmt":"2025-07-05T21:47:50","guid":{"rendered":"https:\/\/casadeujo.com\/ausstattung-komfort"},"modified":"2025-07-06T00:31:50","modified_gmt":"2025-07-05T23:31:50","slug":"ausstattung-komfort","status":"publish","type":"page","link":"https:\/\/casadeujo.com\/de\/ausstattung-komfort","title":{"rendered":"Ausstattung"},"content":{"rendered":"\n<p>Um Ihren Aufenthalt bei uns so angenehm wie m\u00f6glich zu gestalten, haben wir das Cottage nach und nach mit einer Reihe von Details ausgestattet, die unsere G\u00e4ste zu sch\u00e4tzen wissen:<\/p>\n\n<p>&#8211; neues Trampolin f\u00fcr Kinder<br\/>&#8211; bequeme Sitzgelegenheiten im Freien am Kamin<br\/>&#8211; neuer Grill f\u00fcr Sommerabende<br\/>&#8211; Klimaanlage in den Hauptwohnbereichen<br\/>&#8211; Netflix und kostenloses Wi-Fi<br\/>&#8211; W\u00e4schetrockner vorhanden<br\/>&#8211; voll ausgestattete K\u00fcche mit Kaffeemaschine<br\/>&#8211; Kinderspiele und Spielzeug auf dem Boden der Kommode im Wohnzimmer<br\/>&#8211; ruhige Lage im Freien mit gro\u00dfem Garten, ideal zum Entspannen<\/p>\n\n<p>Wir glauben, dass diese kleinen Dinge zu Ihrem ruhigen und ungest\u00f6rten Aufenthalt beitragen werden.<\/p>\n","protected":false},"excerpt":{"rendered":"<p>Um Ihren Aufenthalt bei uns so angenehm wie m\u00f6glich zu gestalten, haben wir das Cottage nach und nach mit einer Reihe von Details ausgestattet, die unsere G\u00e4ste zu sch\u00e4tzen wissen: &#8211; neues Trampolin f\u00fcr Kinder&#8211; bequeme Sitzgelegenheiten im Freien am Kamin&#8211; neuer Grill f\u00fcr Sommerabende&#8211; Klimaanlage in den Hauptwohnbereichen&#8211; Netflix und kostenloses Wi-Fi&#8211; W\u00e4schetrockner vorhanden&#8211; &hellip; <a href=\"https:\/\/casadeujo.com\/de\/ausstattung-komfort\" class=\"more-link\">Continue reading<span class=\"screen-reader-text\"> &#8222;Ausstattung&#8220;<\/span><\/a><\/p>\n","protected":false},"author":3,"featured_media":0,"parent":0,"menu_order":0,"comment_status":"closed","ping_status":"closed","template":"","meta":{"_monsterinsights_skip_tracking":false,"_monsterinsights_sitenote_active":false,"_monsterinsights_sitenote_note":"","_monsterinsights_sitenote_category":0,"_uf_show_specific_survey":0,"_uf_disable_surveys":false,"footnotes":""},"class_list":["post-703","page","type-page","status-publish","hentry"],"_links":{"self":[{"href":"https:\/\/casadeujo.com\/de\/wp-json\/wp\/v2\/pages\/703","targetHints":{"allow":["GET"]}}],"collection":[{"href":"https:\/\/casadeujo.com\/de\/wp-json\/wp\/v2\/pages"}],"about":[{"href":"https:\/\/casadeujo.com\/de\/wp-json\/wp\/v2\/types\/page"}],"author":[{"embeddable":true,"href":"https:\/\/casadeujo.com\/de\/wp-json\/wp\/v2\/users\/3"}],"replies":[{"embeddable":true,"href":"https:\/\/casadeujo.com\/de\/wp-json\/wp\/v2\/comments?post=703"}],"version-history":[{"count":3,"href":"https:\/\/casadeujo.com\/de\/wp-json\/wp\/v2\/pages\/703\/revisions"}],"predecessor-version":[{"id":764,"href":"https:\/\/casadeujo.com\/de\/wp-json\/wp\/v2\/pages\/703\/revisions\/764"}],"wp:attachment":[{"href":"https:\/\/casadeujo.com\/de\/wp-json\/wp\/v2\/media?parent=703"}],"curies":[{"name":"wp","href":"https:\/\/api.w.org\/{rel}","templated":true}]}}