{"id":735,"date":"2025-07-05T23:33:17","date_gmt":"2025-07-05T22:33:17","guid":{"rendered":"https:\/\/casadeujo.com\/preisliste"},"modified":"2025-07-06T00:00:10","modified_gmt":"2025-07-05T23:00:10","slug":"preisliste","status":"publish","type":"page","link":"https:\/\/casadeujo.com\/de\/preisliste","title":{"rendered":"Preisliste"},"content":{"rendered":"\n<h2 class=\"wp-block-heading\">Preisliste<\/h2>\n\n<p><strong>Preis f\u00fcr das gesamte Ferienhaus (bis zu 7 Personen):<\/strong><\/p>\n\n<hr class=\"wp-block-separator has-alpha-channel-opacity\"\/>\n\n<h3 class=\"wp-block-heading\">\ud83c\udf1e Sommerferien (Juli-August)<\/h3>\n\n<ul class=\"wp-block-list\">\n<li><strong>2 900 CZK \/ Nacht<\/strong><\/li>\n\n\n\n<li>Nur w\u00f6chentlicher Aufenthalt (Samstag-Samstag)<\/li>\n\n\n\n<li>Ankunft: ab 16:00 Uhr (nach Absprache auch fr\u00fcher m\u00f6glich)<\/li>\n\n\n\n<li>Abreise: bis 10:00<\/li>\n<\/ul>\n\n<h3 class=\"wp-block-heading\">\ud83c\udf84 Weihnachtsaufenthalt (20-26 Dezember)<\/h3>\n\n<ul class=\"wp-block-list\">\n<li><strong>21 000 CZK \/ Woche<\/strong> (einschlie\u00dflich Dekoration und Holz)<\/li>\n\n\n\n<li>Preis f\u00fcr 5 Personen<\/li>\n\n\n\n<li>Jede weitere Person: <strong>600 CZK \/ Nacht<\/strong><\/li>\n\n\n\n<li>Mindestaufenthalt: 7 N\u00e4chte<\/li>\n\n\n\n<li>Ankunft und Abreise nach Vereinbarung<\/li>\n<\/ul>\n\n<h3 class=\"wp-block-heading\">\ud83c\udf89 Silvester (30. 12.-2. 1.)<\/h3>\n\n<ul class=\"wp-block-list\">\n<li><strong>25 000 CZK \/ Aufenthalt<\/strong> f\u00fcr 5 Personen<\/li>\n\n\n\n<li>Inklusive einer Flasche Sekt und Holz<\/li>\n\n\n\n<li>Jede weitere Person: <strong>600 CZK \/ Nacht<\/strong><\/li>\n\n\n\n<li>Mindestaufenthalt: 3 N\u00e4chte<\/li>\n\n\n\n<li>Jede weitere Nacht (26.-30. 12. und 2.-4. 1.): <strong>3 000 CZK \/ Nacht<\/strong><\/li>\n\n\n\n<li><strong>Bei Interesse f\u00fcr eine Woche Aufenthalt:<\/strong> Preis nach Vereinbarung<\/li>\n<\/ul>\n\n<h3 class=\"wp-block-heading\">\ud83d\udc23 Osteraufenthalt (Donnerstag-Montag)<\/h3>\n\n<ul class=\"wp-block-list\">\n<li><strong>20 000 CZK \/ Aufenthalt<\/strong> (f\u00fcr 5 Personen)<\/li>\n\n\n\n<li>Jede weitere Person: <strong>400 CZK \/ Nacht<\/strong><\/li>\n\n\n\n<li>Ankunft und Abreise nach Vereinbarung<\/li>\n<\/ul>\n\n<h3 class=\"wp-block-heading\">\u2744\ufe0f Winter-Wochenenden (Januar-M\u00e4rz)<\/h3>\n\n<ul class=\"wp-block-list\">\n<li><strong>8 000 CZK \/ 2 N\u00e4chte<\/strong> f\u00fcr 4 Personen<\/li>\n\n\n\n<li>Jede weitere Person: <strong>300 CZK \/ Nacht<\/strong><\/li>\n<\/ul>\n\n<h3 class=\"wp-block-heading\">\u26f7\ufe0f Winterwochenaufenthalte (Januar-M\u00e4rz)<\/h3>\n\n<ul class=\"wp-block-list\">\n<li><strong>18 000 CZK \/ Woche<\/strong> f\u00fcr 5 Personen<\/li>\n\n\n\n<li>5. &#8211; 7. Person: <strong>+250 CZK \/ Nacht<\/strong><\/li>\n<\/ul>\n\n<h3 class=\"wp-block-heading\">\ud83c\udf42 Nebensaison<\/h3>\n\n<ul class=\"wp-block-list\">\n<li><strong>Normale Wochenenden:<\/strong> 3 800 CZK \/ Nacht<\/li>\n\n\n\n<li><strong>W\u00f6chentliche Aufenthalte (7+ N\u00e4chte):<\/strong> 2 400 CZK \/ Nacht<\/li>\n\n\n\n<li><em>Je nach Vereinbarung kann eine Geb\u00fchr erhoben werden:<\/em>\n<ul class=\"wp-block-list\">\n<li>350 CZK \/ Person \/ Nacht (Wochenende)<\/li>\n\n\n\n<li>300 CZK \/ Person \/ Nacht (wochentags)<\/li>\n<\/ul>\n<\/li>\n<\/ul>\n\n<hr class=\"wp-block-separator has-alpha-channel-opacity\"\/>\n\n<h3 class=\"wp-block-heading\">\u2705 Der Preis beinhaltet:<\/h3>\n\n<p>Wi-Fi, Netflix, Bettw\u00e4sche, Handt\u00fccher, Endreinigung, Brennholz, Klimaanlage, Strom.<\/p>\n\n<hr class=\"wp-block-separator has-alpha-channel-opacity\"\/>\n\n<h3 class=\"wp-block-heading\">\u2139\ufe0f Zus\u00e4tzliche Informationen:<\/h3>\n\n<ul class=\"wp-block-list\">\n<li>Maximale Kapazit\u00e4t: <strong>7 Personen<\/strong><\/li>\n\n\n\n<li>Preis au\u00dferhalb der Ferien g\u00fcltig f\u00fcr 1-4 Personen<\/li>\n\n\n\n<li>5. bis 7. Person: <strong>+300 CZK \/ Nacht<\/strong> <\/li>\n\n\n\n<li>Weihnachten und Silvester: Preis f\u00fcr 5 Personen, jede weitere Person: <strong>+600 CZK \/ Nacht<\/strong><\/li>\n\n\n\n<li><strong>Hunde sind kostenlos willkommen<\/strong> (nicht auf Betten oder Sofas erlaubt)<\/li>\n<\/ul>\n\n<hr class=\"wp-block-separator has-alpha-channel-opacity\"\/>\n\n<h3 class=\"wp-block-heading\">\ud83d\udcb3 Kaution und Zahlung:<\/h3>\n\n<ul class=\"wp-block-list\">\n<li><strong>Kaution f\u00fcr den Aufenthalt mit Hund:<\/strong> 2 000 CZK (r\u00fcckzahlbar)<\/li>\n\n\n\n<li><strong>Schl\u00fcsselkaution:<\/strong> 1 500 CZK (wird nicht zur\u00fcckerstattet, wenn die Schl\u00fcssel nicht in den Briefkasten zur\u00fcckgegeben werden)<\/li>\n\n\n\n<li><strong>Anzahlung:<\/strong> 4 000 CZK per Bank\u00fcberweisung zur Best\u00e4tigung der Reservierung<\/li>\n\n\n\n<li><strong>Aufpreis:<\/strong> sp\u00e4testens einen Monat vor Ankunft<\/li>\n\n\n\n<li><strong>Zahlungen:<\/strong> ausschlie\u00dflich per Bank\u00fcberweisung  <\/li>\n<\/ul>\n\n<h3 class=\"wp-block-heading\">\u274c Stornierungsbedingungen:<\/h3>\n\n<ul class=\"wp-block-list\">\n<li><strong>Bis zu 2 Monate vor der Ankunft:<\/strong> 100% der Kaution wird zur\u00fcckerstattet<\/li>\n\n\n\n<li><strong>Bis zu 1 Monat vor der Ankunft:<\/strong> 50% der Kaution wird zur\u00fcckerstattet<\/li>\n\n\n\n<li><strong>Ein Monat oder weniger vor der Ankunft:<\/strong> Die Anzahlung wird nicht zur\u00fcckerstattet.<\/li>\n\n\n\n<li><strong>Wenn der gesamte Betrag f\u00fcr den Aufenthalt bezahlt wurde:<\/strong> Eine Stornierung ist bis zu 14 Tage vor der Ankunft mit einer Erstattung von 50% des <strong>Gesamtpreises<\/strong> m\u00f6glich<\/li>\n\n\n\n<li><strong>Nichterscheinen:<\/strong> Anzahlung und Zahlung werden nicht zur\u00fcckerstattet<\/li>\n<\/ul>\n","protected":false},"excerpt":{"rendered":"<p>Preisliste Preis f\u00fcr das gesamte Ferienhaus (bis zu 7 Personen): \ud83c\udf1e Sommerferien (Juli-August) \ud83c\udf84 Weihnachtsaufenthalt (20-26 Dezember) \ud83c\udf89 Silvester (30. 12.-2. 1.) \ud83d\udc23 Osteraufenthalt (Donnerstag-Montag) \u2744\ufe0f Winter-Wochenenden (Januar-M\u00e4rz) \u26f7\ufe0f Winterwochenaufenthalte (Januar-M\u00e4rz) \ud83c\udf42 Nebensaison \u2705 Der Preis beinhaltet: Wi-Fi, Netflix, Bettw\u00e4sche, Handt\u00fccher, Endreinigung, Brennholz, Klimaanlage, Strom. \u2139\ufe0f Zus\u00e4tzliche Informationen: \ud83d\udcb3 Kaution und Zahlung: \u274c Stornierungsbedingungen:<\/p>\n","protected":false},"author":3,"featured_media":0,"parent":0,"menu_order":0,"comment_status":"closed","ping_status":"closed","template":"","meta":{"_monsterinsights_skip_tracking":false,"_monsterinsights_sitenote_active":false,"_monsterinsights_sitenote_note":"","_monsterinsights_sitenote_category":0,"_uf_show_specific_survey":0,"_uf_disable_surveys":false,"footnotes":""},"class_list":["post-735","page","type-page","status-publish","hentry"],"_links":{"self":[{"href":"https:\/\/casadeujo.com\/de\/wp-json\/wp\/v2\/pages\/735","targetHints":{"allow":["GET"]}}],"collection":[{"href":"https:\/\/casadeujo.com\/de\/wp-json\/wp\/v2\/pages"}],"about":[{"href":"https:\/\/casadeujo.com\/de\/wp-json\/wp\/v2\/types\/page"}],"author":[{"embeddable":true,"href":"https:\/\/casadeujo.com\/de\/wp-json\/wp\/v2\/users\/3"}],"replies":[{"embeddable":true,"href":"https:\/\/casadeujo.com\/de\/wp-json\/wp\/v2\/comments?post=735"}],"version-history":[{"count":1,"href":"https:\/\/casadeujo.com\/de\/wp-json\/wp\/v2\/pages\/735\/revisions"}],"predecessor-version":[{"id":740,"href":"https:\/\/casadeujo.com\/de\/wp-json\/wp\/v2\/pages\/735\/revisions\/740"}],"wp:attachment":[{"href":"https:\/\/casadeujo.com\/de\/wp-json\/wp\/v2\/media?parent=735"}],"curies":[{"name":"wp","href":"https:\/\/api.w.org\/{rel}","templated":true}]}}