{"id":416,"date":"2024-03-02T21:53:19","date_gmt":"2024-03-02T20:53:19","guid":{"rendered":"https:\/\/casadeujo.com\/free-time"},"modified":"2025-07-06T00:27:45","modified_gmt":"2025-07-05T23:27:45","slug":"free-time","status":"publish","type":"page","link":"https:\/\/casadeujo.com\/en\/free-time","title":{"rendered":"Tips for trips"},"content":{"rendered":"\n<h2 class=\"wp-block-heading\">Tips for trips, leisure activities &amp; culture in the area<\/h2>\n\n<p>The surroundings of the Ujo Chalet in West Bohemia offer beautiful nature trails and active relaxation &#8211; all including trips to neighbouring Germany, where you will also find a varied culture.<\/p>\n\n<h3 class=\"wp-block-heading\">\ud83c\udf32 Nature &amp; Prospects<\/h3>\n\n<ul class=\"wp-block-list\">\n<li><strong>Lookout tower H\u00e1j u A\u0161e<\/strong> &#8211; panoramic view of the Ore Mountains &amp; Smr\u010diny.<\/li>\n\n\n\n<li><strong>Tri-border CZ\/DE\/BAY<\/strong> &#8211; a symbolic place of three countries for an easy walk.<\/li>\n\n\n\n<li><strong>Forest trails around the Ujo Cottage<\/strong> &#8211; great for hiking, Nordic walking or mushroom picking.<\/li>\n<\/ul>\n\n<h3 class=\"wp-block-heading\">\ud83c\udfd9\ufe0f Cities &amp; Culture (Czech Republic)<\/h3>\n\n<ul class=\"wp-block-list\">\n<li><strong>A\u0161<\/strong> &#8211; museum of glove-making, park, viewpoint &#8220;U Martina&#8221;.<\/li>\n\n\n\n<li><strong>Hranice u A\u0161e<\/strong> &#8211; with shopping, restaurants and a pond.<\/li>\n\n\n\n<li><strong>Cheb<\/strong> &#8211; historical centre, castle, Spalicek, markets. <a href=\"https:\/\/www.tic.cheb.cz\/en\/cile\/cheb-castle\/\" target=\"_blank\" rel=\"noreferrer noopener\">More about Cheb Castle<\/a><\/li>\n\n\n\n<li><strong>Franti\u0161kovy L\u00e1zn\u011b<\/strong> &#8211; colonnade, aquapark, cafes, beautiful parks.<\/li>\n<\/ul>\n\n<h3 class=\"wp-block-heading\">\ud83c\udde9\ud83c\uddea Trips to Germany &#8211; culture &amp; wellness<\/h3>\n\n<ul class=\"wp-block-list\">\n<li><strong>Bad Elster<\/strong> &#8211; thermal pools, saunas and cultural programme. <a href=\"https:\/\/www.saechsische-staatsbaeder.de\/en\/bad-elster\/soletherme-badelandschaft\/saunawelt-bad-elster\/\" target=\"_blank\" rel=\"noreferrer noopener\">Sauna World Bad Elster<\/a>, <a href=\"https:\/\/www.saechsische-staatsbaeder.de\/en\/bad-elster\/ueber-bad-elster\/kultur-veranstaltungen\/\" target=\"_blank\" rel=\"noreferrer noopener\">programme of cultural events (drama, concerts, festivals)<\/a>.  <\/li>\n\n\n\n<li><strong>Bad Brambach<\/strong> &#8211; local Heimatmuseum, Sch\u00f6nberg Castle, cultural trails. <a href=\"https:\/\/www.saechsische-staatsbaeder.de\/en\/bad-brambach\/ausflugtipps-bad-brambach\/ausstellungen-und-museen\/\" target=\"_blank\" rel=\"noreferrer noopener\">Museums in Bad Brambach<\/a>.  <\/li>\n\n\n\n<li><strong>Selb<\/strong> &#8211; <a href=\"http:\/\/www.porzellanikon.org\/\" target=\"_blank\" rel=\"noreferrer noopener\">Porzellanikon<\/a> &#8211; European porcelain museum.<\/li>\n\n\n\n<li><strong>K\u00f6nig Albert Theater &amp; NatureTheatre Bad Elster<\/strong> &#8211; historic stage space for opera, drama, open-air performances. <a href=\"https:\/\/koenig-albert-theater.de\/spielplan\/spielplankalender\" target=\"_blank\" rel=\"noreferrer noopener\">Calendar of performances<\/a>, <a href=\"https:\/\/naturtheater-badelster.de\/en\/\" target=\"_blank\" rel=\"noreferrer noopener\">NatureTheatre Bad Elster<\/a>.  <\/li>\n<\/ul>\n\n<h3 class=\"wp-block-heading\">\ud83d\udeb4 Sport &amp; active recreation<\/h3>\n\n<ul class=\"wp-block-list\">\n<li><strong>Hiking &amp; Nordic walking<\/strong> &#8211; marked routes H\u00e1jek-H\u00e1j-Trojmez\u00ed.<\/li>\n\n\n\n<li><strong>Cycling<\/strong> &#8211; cycling trails in the Czech Republic and DE (e.g. route No. 36).<\/li>\n\n\n\n<li><strong>Natural swimming<\/strong> &#8211; Pond America (paddleboard), ponds around A\u0161.<\/li>\n\n\n\n<li><strong>Sports complex in A\u0161<\/strong> &#8211; tennis, volleyball, skatepark, playgrounds for children; ice rink in winter.<\/li>\n\n\n\n<li><strong>Wellness &amp; fitness<\/strong> &#8211; fitness centres in A\u0161; in DE thermal baths and saunas in the aforementioned spas.<\/li>\n\n\n\n<li><strong>Cross-country skiing &amp; winter sports<\/strong> &#8211; trails at the Ujo Chalet; ski slopes near Marianske Lazne (~45 min by car).<\/li>\n<\/ul>\n\n<h3 class=\"wp-block-heading\">\ud83c\udfe1 Relax at the Ujo Cottage<\/h3>\n\n<ul class=\"wp-block-list\">\n<li>Large garden, fireplace, trampoline, barbecue.<\/li>\n\n\n\n<li>Badminton, blankets, relaxing under the trees.<\/li>\n<\/ul>\n","protected":false},"excerpt":{"rendered":"<p>Tips for trips, leisure activities &amp; culture in the area The surroundings of the Ujo Chalet in West Bohemia offer beautiful nature trails and active relaxation &#8211; all including trips to neighbouring Germany, where you will also find a varied culture. \ud83c\udf32 Nature &amp; Prospects \ud83c\udfd9\ufe0f Cities &amp; Culture (Czech Republic) \ud83c\udde9\ud83c\uddea Trips to Germany &hellip; <a href=\"https:\/\/casadeujo.com\/en\/free-time\" class=\"more-link\">Continue reading<span class=\"screen-reader-text\"> &#8220;Tips for trips&#8221;<\/span><\/a><\/p>\n","protected":false},"author":1,"featured_media":0,"parent":0,"menu_order":0,"comment_status":"closed","ping_status":"closed","template":"","meta":{"_monsterinsights_skip_tracking":false,"_monsterinsights_sitenote_active":false,"_monsterinsights_sitenote_note":"","_monsterinsights_sitenote_category":0,"_uf_show_specific_survey":0,"_uf_disable_surveys":false,"footnotes":""},"class_list":["post-416","page","type-page","status-publish","hentry"],"_links":{"self":[{"href":"https:\/\/casadeujo.com\/en\/wp-json\/wp\/v2\/pages\/416","targetHints":{"allow":["GET"]}}],"collection":[{"href":"https:\/\/casadeujo.com\/en\/wp-json\/wp\/v2\/pages"}],"about":[{"href":"https:\/\/casadeujo.com\/en\/wp-json\/wp\/v2\/types\/page"}],"author":[{"embeddable":true,"href":"https:\/\/casadeujo.com\/en\/wp-json\/wp\/v2\/users\/1"}],"replies":[{"embeddable":true,"href":"https:\/\/casadeujo.com\/en\/wp-json\/wp\/v2\/comments?post=416"}],"version-history":[{"count":5,"href":"https:\/\/casadeujo.com\/en\/wp-json\/wp\/v2\/pages\/416\/revisions"}],"predecessor-version":[{"id":758,"href":"https:\/\/casadeujo.com\/en\/wp-json\/wp\/v2\/pages\/416\/revisions\/758"}],"wp:attachment":[{"href":"https:\/\/casadeujo.com\/en\/wp-json\/wp\/v2\/media?parent=416"}],"curies":[{"name":"wp","href":"https:\/\/api.w.org\/{rel}","templated":true}]}}