{"id":485,"date":"2024-03-02T21:52:42","date_gmt":"2024-03-02T20:52:42","guid":{"rendered":"https:\/\/casadeujo.com\/where-to-find-us"},"modified":"2025-07-06T00:51:19","modified_gmt":"2025-07-05T23:51:19","slug":"where-to-find-us","status":"publish","type":"page","link":"https:\/\/casadeujo.com\/en\/where-to-find-us","title":{"rendered":"Contact"},"content":{"rendered":"\n<h2 class=\"wp-block-heading\">Contact us<\/h2>\n\n<p>Do you have a question, wish or wish to book your stay directly? We are available by phone, email or messenger.<\/p>\n\n<ul class=\"wp-block-list\">\n<li><strong>\ud83d\udcf1 Phone:<\/strong> <a href=\"tel:+420774983572\">+420 774 983 572<\/a><\/li>\n\n\n\n<li><strong>\ud83d\udce7 E-mail:<\/strong> <a href=\"mailto:chataujo@seznam.cz\">chataujo@seznam.cz<\/a> or <a href=\"mailto:info@casadeujo.com\">info@casadeujo.com<\/a><\/li>\n\n\n\n<li><strong>\ud83d\udecb Messenger:<\/strong> <a href=\"https:\/\/m.me\/casadeujo\" target=\"_blank\" rel=\"noreferrer noopener\">Email us<\/a><\/li>\n<\/ul>\n\n<p><strong>\ud83d\udccd Accommodation address:<\/strong><br\/>Chata Ujo, Stud\u00e1nka 103, 351 34 Hranice u A\u0161e, \u010cesk\u00e1 republika<\/p>\n\n<p><strong>\ud83d\udd50 Response Time:<\/strong> We usually respond within a few hours.<br\/>We are also available via WhatsApp, SMS or classic calls.<\/p>\n\n<p><strong>\ud83c\udf10 We speak Czech, Spanish, English and German.<\/strong><\/p>\n\n<hr class=\"wp-block-separator has-alpha-channel-opacity\"\/>\n\n<h3 class=\"wp-block-heading\">\ud83d\ude97 How to reach us?<\/h3>\n\n<p>Cottage Ujo is located in the village Stud\u00e1nka on the western edge of the Czech Republic, just a few minutes from the town of A\u0161 and the border with Germany.<\/p>\n\n<ul class=\"wp-block-list\">\n<li>\ud83d\ude98 From <strong>Prague<\/strong> &#8211; about 2 hours and 30 minutes (190 km)<\/li>\n\n\n\n<li>\ud83d\ude98 From <strong>Pilsen<\/strong> &#8211; approx. 1 hour and 45 minutes (130 km)<\/li>\n\n\n\n<li>\ud83d\ude98 From <strong>Cheb<\/strong> &#8211; 30 minutes (35 km)<\/li>\n\n\n\n<li>\ud83d\ude98 From <strong>Nuremberg (N\u00fcrnberg)<\/strong> &#8211; approx. 2 hours (160 km)<\/li>\n\n\n\n<li>\ud83d\ude98 From <strong>Dresden<\/strong> &#8211; approx. 2 hours and 15 minutes (170 km)<\/li>\n<\/ul>\n\n<p>By car, you can easily drive along the E48 \/ D6 road (direction Cheb), and then through A\u0161 to Stud\u00e1nka.<\/p>\n\n<hr class=\"wp-block-separator has-alpha-channel-opacity\"\/>\n\n<h3 class=\"wp-block-heading\">\ud83d\udccd You can find us here:<\/h3>\n\n<p><strong>GPS coordinates:<\/strong><br\/>Latitude: <code>50.295180<\/code><br\/>Longitude: <code>12.206860<\/code><br\/>Copy and paste into your navigation or mobile map:  <\/p>\n\n<p>https:\/\/www.google.com\/maps?q=50.295180,12.206860&#038;hl=cs&#038;z=15&#038;output=embed<\/p>\n","protected":false},"excerpt":{"rendered":"<p>Contact us Do you have a question, wish or wish to book your stay directly? We are available by phone, email or messenger. \ud83d\udccd Accommodation address:Chata Ujo, Stud\u00e1nka 103, 351 34 Hranice u A\u0161e, \u010cesk\u00e1 republika \ud83d\udd50 Response Time: We usually respond within a few hours.We are also available via WhatsApp, SMS or classic calls. &hellip; <a href=\"https:\/\/casadeujo.com\/en\/where-to-find-us\" class=\"more-link\">Continue reading<span class=\"screen-reader-text\"> &#8220;Contact&#8221;<\/span><\/a><\/p>\n","protected":false},"author":1,"featured_media":0,"parent":0,"menu_order":0,"comment_status":"closed","ping_status":"closed","template":"","meta":{"_monsterinsights_skip_tracking":false,"_monsterinsights_sitenote_active":false,"_monsterinsights_sitenote_note":"","_monsterinsights_sitenote_category":0,"_uf_show_specific_survey":0,"_uf_disable_surveys":false,"footnotes":""},"class_list":["post-485","page","type-page","status-publish","hentry"],"_links":{"self":[{"href":"https:\/\/casadeujo.com\/en\/wp-json\/wp\/v2\/pages\/485","targetHints":{"allow":["GET"]}}],"collection":[{"href":"https:\/\/casadeujo.com\/en\/wp-json\/wp\/v2\/pages"}],"about":[{"href":"https:\/\/casadeujo.com\/en\/wp-json\/wp\/v2\/types\/page"}],"author":[{"embeddable":true,"href":"https:\/\/casadeujo.com\/en\/wp-json\/wp\/v2\/users\/1"}],"replies":[{"embeddable":true,"href":"https:\/\/casadeujo.com\/en\/wp-json\/wp\/v2\/comments?post=485"}],"version-history":[{"count":3,"href":"https:\/\/casadeujo.com\/en\/wp-json\/wp\/v2\/pages\/485\/revisions"}],"predecessor-version":[{"id":780,"href":"https:\/\/casadeujo.com\/en\/wp-json\/wp\/v2\/pages\/485\/revisions\/780"}],"wp:attachment":[{"href":"https:\/\/casadeujo.com\/en\/wp-json\/wp\/v2\/media?parent=485"}],"curies":[{"name":"wp","href":"https:\/\/api.w.org\/{rel}","templated":true}]}}