{"id":424,"date":"2024-03-02T21:53:19","date_gmt":"2024-03-02T20:53:19","guid":{"rendered":"https:\/\/casadeujo.com\/tiempo-libre"},"modified":"2025-07-06T00:29:15","modified_gmt":"2025-07-05T23:29:15","slug":"tiempo-libre","status":"publish","type":"page","link":"https:\/\/casadeujo.com\/es\/tiempo-libre","title":{"rendered":"Consejos para los viajes"},"content":{"rendered":"\n<h2 class=\"wp-block-heading\">Consejos para viajes, actividades de ocio y cultura en la zona<\/h2>\n\n<p>Los alrededores del Chalet Ujo, en Bohemia Occidental, ofrecen hermosos senderos naturales y relajaci\u00f3n activa, todo ello incluyendo excursiones a la vecina Alemania, donde tambi\u00e9n encontrar\u00e1s una variada cultura.<\/p>\n\n<h3 class=\"wp-block-heading\">\ud83c\udf32 Naturaleza y perspectivas<\/h3>\n\n<ul class=\"wp-block-list\">\n<li><strong>Torre mirador H\u00e1j u A\u0161e<\/strong> &#8211; vista panor\u00e1mica de los Montes Met\u00e1licos y Smr\u010diny.<\/li>\n\n\n\n<li><strong>La triple frontera CZ\/DE\/BAY<\/strong> &#8211; un lugar simb\u00f3lico de tres pa\u00edses para pasear f\u00e1cilmente.<\/li>\n\n\n\n<li><strong>Senderos forestales alrededor de la Caba\u00f1a de Ujo<\/strong>: ideales para hacer senderismo, marcha n\u00f3rdica o recoger setas.<\/li>\n<\/ul>\n\n<h3 class=\"wp-block-heading\">\ud83c\udfd9\ufe0f Ciudades y Cultura (Rep\u00fablica Checa)<\/h3>\n\n<ul class=\"wp-block-list\">\n<li><strong>A\u0161<\/strong> &#8211; museo de fabricaci\u00f3n de guantes, parque, mirador \u00abU Martina\u00bb.<\/li>\n\n\n\n<li><strong>Hranice u A\u0161e<\/strong> &#8211; con tiendas, restaurantes y un estanque.<\/li>\n\n\n\n<li><strong>Cheb<\/strong> &#8211; centro hist\u00f3rico, castillo, Spalicek, mercados. <a href=\"https:\/\/www.tic.cheb.cz\/en\/cile\/cheb-castle\/\" target=\"_blank\" rel=\"noreferrer noopener\">M\u00e1s sobre el castillo de Cheb<\/a><\/li>\n\n\n\n<li><strong>Franti\u0161kovy L\u00e1zn\u011b<\/strong> &#8211; columnata, parque acu\u00e1tico, caf\u00e9s, hermosos parques.<\/li>\n<\/ul>\n\n<h3 class=\"wp-block-heading\">\ud83c\udde9\ud83c\uddea Viajes a Alemania &#8211; cultura y bienestar<\/h3>\n\n<ul class=\"wp-block-list\">\n<li><strong>Bad<\/strong> Elster &#8211; piscinas termales, saunas y programa cultural. <a href=\"https:\/\/www.saechsische-staatsbaeder.de\/en\/bad-elster\/soletherme-badelandschaft\/saunawelt-bad-elster\/\" target=\"_blank\" rel=\"noreferrer noopener\">Sauna World Bad Elster<\/a>, <a href=\"https:\/\/www.saechsische-staatsbaeder.de\/en\/bad-elster\/ueber-bad-elster\/kultur-veranstaltungen\/\" target=\"_blank\" rel=\"noreferrer noopener\">programa de actos culturales (teatro, conciertos, festivales)<\/a>.  <\/li>\n\n\n\n<li>Bad <strong>Brambach<\/strong> &#8211; Heimatmuseum local, Castillo de Sch\u00f6nberg, senderos culturales. <a href=\"https:\/\/www.saechsische-staatsbaeder.de\/en\/bad-brambach\/ausflugtipps-bad-brambach\/ausstellungen-und-museen\/\" target=\"_blank\" rel=\"noreferrer noopener\">Museos de Bad Brambach<\/a>.  <\/li>\n\n\n\n<li><strong>Selb<\/strong> &#8211; <a href=\"http:\/\/www.porzellanikon.org\/\" target=\"_blank\" rel=\"noreferrer noopener\">Porzellanikon<\/a> &#8211; Museo Europeo de la Porcelana.<\/li>\n\n\n\n<li><strong>Teatro K\u00f6nig Albert y NatureTheatre Bad<\/strong> Elster &#8211; espacio esc\u00e9nico hist\u00f3rico para \u00f3pera, teatro, espect\u00e1culos al aire libre. <a href=\"https:\/\/koenig-albert-theater.de\/spielplan\/spielplankalender\" target=\"_blank\" rel=\"noreferrer noopener\">Calendario de actuaciones<\/a>, <a href=\"https:\/\/naturtheater-badelster.de\/en\/\" target=\"_blank\" rel=\"noreferrer noopener\">NatureTheatre Bad Elster<\/a>.  <\/li>\n<\/ul>\n\n<h3 class=\"wp-block-heading\">\ud83d\udeb4 Deporte y ocio activo<\/h3>\n\n<ul class=\"wp-block-list\">\n<li><strong>Senderismo y marcha n\u00f3rdica<\/strong> &#8211; rutas se\u00f1alizadas H\u00e1jek-H\u00e1j-Trojmez\u00ed.<\/li>\n\n\n\n<li><strong>Ciclismo<\/strong> &#8211; rutas ciclistas en la Rep\u00fablica Checa y DE (por ejemplo, la ruta n\u00ba 36).<\/li>\n\n\n\n<li><strong>Nataci\u00f3n<\/strong> natural &#8211; Pond America (paddleboard), estanques alrededor de A\u0161.<\/li>\n\n\n\n<li><strong>Complejo deportivo en A\u0161<\/strong>: tenis, voleibol, parque de patinaje, zonas de juego para ni\u00f1os; pista de hielo en invierno.<\/li>\n\n\n\n<li><strong>Bienestar y fitness<\/strong> &#8211; gimnasios en A\u0161; en DE ba\u00f1os termales y saunas en los balnearios mencionados.<\/li>\n\n\n\n<li><strong>Esqu\u00ed de fondo y deportes de invierno<\/strong>: pistas en el Chalet Ujo; pistas de esqu\u00ed cerca de Marianske Lazne (~45 min en coche).<\/li>\n<\/ul>\n\n<h3 class=\"wp-block-heading\">\ud83c\udfe1 Relax en Chata Ujo<\/h3>\n\n<ul class=\"wp-block-list\">\n<li>Gran jard\u00edn, chimenea, cama el\u00e1stica, barbacoa.<\/li>\n\n\n\n<li>B\u00e1dminton, mantas, relajarse bajo los \u00e1rboles.<\/li>\n<\/ul>\n","protected":false},"excerpt":{"rendered":"<p>Consejos para viajes, actividades de ocio y cultura en la zona Los alrededores del Chalet Ujo, en Bohemia Occidental, ofrecen hermosos senderos naturales y relajaci\u00f3n activa, todo ello incluyendo excursiones a la vecina Alemania, donde tambi\u00e9n encontrar\u00e1s una variada cultura. \ud83c\udf32 Naturaleza y perspectivas \ud83c\udfd9\ufe0f Ciudades y Cultura (Rep\u00fablica Checa) \ud83c\udde9\ud83c\uddea Viajes a Alemania &#8211; &hellip; <a href=\"https:\/\/casadeujo.com\/es\/tiempo-libre\" class=\"more-link\">Continue reading<span class=\"screen-reader-text\"> \u00abConsejos para los viajes\u00bb<\/span><\/a><\/p>\n","protected":false},"author":1,"featured_media":0,"parent":0,"menu_order":0,"comment_status":"closed","ping_status":"closed","template":"","meta":{"_monsterinsights_skip_tracking":false,"_monsterinsights_sitenote_active":false,"_monsterinsights_sitenote_note":"","_monsterinsights_sitenote_category":0,"_uf_show_specific_survey":0,"_uf_disable_surveys":false,"footnotes":""},"class_list":["post-424","page","type-page","status-publish","hentry"],"_links":{"self":[{"href":"https:\/\/casadeujo.com\/es\/wp-json\/wp\/v2\/pages\/424","targetHints":{"allow":["GET"]}}],"collection":[{"href":"https:\/\/casadeujo.com\/es\/wp-json\/wp\/v2\/pages"}],"about":[{"href":"https:\/\/casadeujo.com\/es\/wp-json\/wp\/v2\/types\/page"}],"author":[{"embeddable":true,"href":"https:\/\/casadeujo.com\/es\/wp-json\/wp\/v2\/users\/1"}],"replies":[{"embeddable":true,"href":"https:\/\/casadeujo.com\/es\/wp-json\/wp\/v2\/comments?post=424"}],"version-history":[{"count":3,"href":"https:\/\/casadeujo.com\/es\/wp-json\/wp\/v2\/pages\/424\/revisions"}],"predecessor-version":[{"id":762,"href":"https:\/\/casadeujo.com\/es\/wp-json\/wp\/v2\/pages\/424\/revisions\/762"}],"wp:attachment":[{"href":"https:\/\/casadeujo.com\/es\/wp-json\/wp\/v2\/media?parent=424"}],"curies":[{"name":"wp","href":"https:\/\/api.w.org\/{rel}","templated":true}]}}