{"id":450,"date":"2024-03-02T21:56:54","date_gmt":"2024-03-02T20:56:54","guid":{"rendered":"https:\/\/casadeujo.com\/normas-de-funcionamiento-de-la-casa-rural-de-ujo"},"modified":"2024-04-16T09:20:21","modified_gmt":"2024-04-16T08:20:21","slug":"normas-de-funcionamiento-de-la-casa-rural-de-ujo","status":"publish","type":"page","link":"https:\/\/casadeujo.com\/es\/normas-de-funcionamiento-de-la-casa-rural-de-ujo","title":{"rendered":"Normas de funcionamiento de la Casa Rural de Ujo"},"content":{"rendered":"\n<p>Cottage Ujo es una casa independiente, dise\u00f1ada para estancias recreativas. De la limpieza general entre estancias y parte del mantenimiento se encarga una empresa de limpieza &#8211; \u00daklidovka A\u0161.<\/p>\n\n<p>El administrador t\u00e9cnico se encarga del mantenimiento t\u00e9cnico en funci\u00f3n de las necesidades.<\/p>\n\n<p>Ambos servicios son prestados y el alcance de su trabajo es ordenado por una persona autorizada &#8211; la Sra. administrador, que tambi\u00e9n supervisa la calidad del trabajo realizado.<\/p>\n\n<p>El servicio de limpieza A\u0161 se encarga de la limpieza general de las habitaciones individuales tras la salida de los clientes y de la preparaci\u00f3n de la casa rural para la siguiente estancia acordada seg\u00fan su reglamento interno (uso de desinfectantes y detergentes, lavado, fregado, etc.).<\/p>\n\n<p>El responsable t\u00e9cnico vela por que se lleven a cabo las tareas de mantenimiento necesarias, incluido el cuidado del combustible, y pone a su disposici\u00f3n los expertos adecuados. Excepcionalmente, puede sustituir a Mrs. por el encargado en el Check-In.<\/p>\n\n<p>Responsable del edificio<\/p>\n\n<ul class=\"wp-block-list\">\n<li>Entrega las llaves a los clientes, lleva el Libro de Visitas y recibe cualquier pago adicional en efectivo.<\/li>\n<\/ul>\n\n<ul class=\"wp-block-list\">\n<li>Se explican brevemente a los clientes las normas de la casa y se les introduce en el uso de la casa de campo.<\/li>\n<\/ul>\n\n<ul class=\"wp-block-list\">\n<li>En la estaci\u00f3n fr\u00eda, se ocupa de la estufa de le\u00f1a (barre e inunda antes de la llegada, o templa el edificio a temperaturas bajo cero, en torno a -10 \u00b0C),<\/li>\n<\/ul>\n\n<ul class=\"wp-block-list\">\n<li>Cierra el agua y su calefacci\u00f3n, drena el agua durante las heladas.<\/li>\n<\/ul>\n\n<ul class=\"wp-block-list\">\n<li>Controla la desconexi\u00f3n del frigor\u00edfico<\/li>\n<\/ul>\n\n<ul class=\"wp-block-list\">\n<li>Garantiza y controla la calidad del mantenimiento realizado<\/li>\n<\/ul>\n\n<ul class=\"wp-block-list\">\n<li>Proporciona detalles espec\u00edficos (abordables) para los clientes: decoraci\u00f3n antes de las vacaciones, atenci\u00f3n especial (juguetes, juegos) y mantenimiento.<\/li>\n<\/ul>\n\n<ul class=\"wp-block-list\">\n<li>Garantiza el contenido suficiente del botiqu\u00edn de primeros auxilios<\/li>\n<\/ul>\n\n<ul class=\"wp-block-list\">\n<li>Proporciona suministros para la inundaci\u00f3n (cerillas, PE-PO) e informa sobre el uso de la estufa-chimenea y su protecci\u00f3n frente a los ni\u00f1os (barrera de seguridad alrededor de la estufa-chimenea).<\/li>\n<\/ul>\n\n<ul class=\"wp-block-list\">\n<li>Proporciona informaci\u00f3n sobre el suministro de combustible, que los propios hu\u00e9spedes llevan a la estufa.<\/li>\n<\/ul>\n\n<ul class=\"wp-block-list\">\n<li>En los d\u00edas c\u00e1lidos informa igualmente sobre el uso de chimeneas al aire libre.<\/li>\n<\/ul>\n\n<ul class=\"wp-block-list\">\n<li>Complementa los elementos esenciales operativos: productos de limpieza para el mantenimiento rutinario durante la estancia de los clientes, papel higi\u00e9nico, botiqu\u00edn de primeros auxilios.<\/li>\n<\/ul>\n\n<p>El mantenimiento rutinario diario de la casa rural y su equipamiento est\u00e1 totalmente en manos de los clientes durante su estancia. Debajo del fregadero de la cocina se almacenan productos dom\u00e9sticos de lavado, limpieza y desinfecci\u00f3n, incluidas esponjas, telas y cepillos. El cubo, la escoba y la fregona est\u00e1n en el ba\u00f1o de abajo o debajo de la escalera, detr\u00e1s de la estufa de le\u00f1a.  <\/p>\n\n<ul class=\"wp-block-list\">\n<li>Los hu\u00e9spedes pueden encender el frigor\u00edfico ellos mismos mediante el dial interior y ajustar el rango de temperatura deseado seg\u00fan sus necesidades.<\/li>\n<\/ul>\n\n<ul class=\"wp-block-list\">\n<li>Para calentar r\u00e1pidamente los alimentos, disponen de un horno microondas convencional<\/li>\n<\/ul>\n\n<ul class=\"wp-block-list\">\n<li>Para cocinar y hornear, pueden utilizar una cocina con placa de inducci\u00f3n &#8211; \u00a1cuidado, que aqu\u00ed el calentamiento es muy r\u00e1pido!<\/li>\n<\/ul>\n\n<ul class=\"wp-block-list\">\n<li>Para preparar agua caliente para la comida, disponen de un hervidor normal<\/li>\n<\/ul>\n\n<ul class=\"wp-block-list\">\n<li>Para el mantenimiento de los textiles puede utilizar una lavadora de acuerdo con las instrucciones de uso<\/li>\n<\/ul>\n\n<ul class=\"wp-block-list\">\n<li>Para realizar las necesidades y la higiene personal disponen de dos aseos renovados en dos cuartos de ba\u00f1o y una ducha en la planta baja.<\/li>\n<\/ul>\n\n<ul class=\"wp-block-list\">\n<li>El cubo de basura de la cocina se puede vaciar durante la estancia &#8211; ll\u00e9velo al cubo que hay detr\u00e1s de la casa, hay bolsas de basura de repuesto debajo del fregadero de la cocina.<\/li>\n<\/ul>\n\n<ul class=\"wp-block-list\">\n<li>El botiqu\u00edn est\u00e1 en el caj\u00f3n marcado con una cruz roja. Esta etiqueta tambi\u00e9n contiene n\u00fameros de tel\u00e9fono de crisis.<\/li>\n<\/ul>\n\n<ul class=\"wp-block-list\">\n<li>En los d\u00edas fr\u00edos puedes calentarte en la estufa de mazorca. El combustible se apila detr\u00e1s de la casa, troceado en diferentes tama\u00f1os.<\/li>\n<\/ul>\n\n<ul class=\"wp-block-list\">\n<li>Para aumentar la temperatura, por ejemplo en el dormitorio se puede utilizar un calefactor el\u00e9ctrico, guardado en un armario bajo el lavabo del cuarto de ba\u00f1o de la planta baja con un cable alargador.<\/li>\n<\/ul>\n\n<ul class=\"wp-block-list\">\n<li>Tambi\u00e9n hay un secador para secarse el pelo.<\/li>\n<\/ul>\n\n<ul class=\"wp-block-list\">\n<li>Los clientes est\u00e1n obligados a observar las precauciones de seguridad contra incendios durante la calefacci\u00f3n, es decir, utilizar el fuego abierto s\u00f3lo para encender le\u00f1a, no sacar brasas ardientes de la estufa y recoger las cenizas en un recipiente met\u00e1lico. Cuando se enfr\u00eda, va a la papelera.<\/li>\n<\/ul>\n\n<ul class=\"wp-block-list\">\n<li>En caso de apag\u00f3n, los clientes tienen una linterna en el caj\u00f3n junto al botiqu\u00edn. Queda terminantemente prohibido quemar velas que no sean velas de t\u00e9 en recipientes de cristal en la casa de campo, de acuerdo con las normas de prevenci\u00f3n de incendios.<\/li>\n<\/ul>\n\n<ul class=\"wp-block-list\">\n<li>La vela encendida debe estar fuera del alcance de menores y animales.<\/li>\n<\/ul>\n\n<ul class=\"wp-block-list\">\n<li>El botiqu\u00edn puede utilizarse cuando sea necesario, pero su contenido debe mantenerse fuera del alcance de ni\u00f1os y animales.<\/li>\n<\/ul>\n\n<ul class=\"wp-block-list\">\n<li>El detector de humo emitir\u00e1 un pitido cuando haya una mayor concentraci\u00f3n de humo en la habitaci\u00f3n. Puede apagarse manteniendo pulsado el bot\u00f3n durante 5 segundos. La mejor forma de ventilar el humo es abriendo la ventana de la cocina y la puerta al exterior.<\/li>\n<\/ul>\n\n<ul class=\"wp-block-list\">\n<li>El detector de CO2 se encuentra arriba en la viga, su pitido tambi\u00e9n se puede apagar manteniendo pulsado el bot\u00f3n durante 5 segundos y el remedio lo pone una r\u00e1pida aireaci\u00f3n, preferiblemente con corriente de aire.<\/li>\n<\/ul>\n\n<ul class=\"wp-block-list\">\n<li>Est\u00e1 prohibido fumar en el edificio. Por lo tanto, es necesario subir a la puerta, donde hay un cenicero disponible. Las colillas deben tirarse a la papelera una vez apagadas y fr\u00edas.<\/li>\n<\/ul>\n\n<ul class=\"wp-block-list\">\n<li>Los juegos y juguetes pueden utilizarse sin limitaci\u00f3n y se tratan y limpian o lavan seg\u00fan proceda al final de la estancia. Los ni\u00f1os pueden llevarse sus libros para colorear usados.<\/li>\n<\/ul>\n\n<ul class=\"wp-block-list\">\n<li>Los electrodom\u00e9sticos comunes de la casa de campo pueden ser utilizados por el cliente seg\u00fan sea necesario de acuerdo con su uso previsto.<\/li>\n<\/ul>\n\n<p>Nota: por \u00abaparato convencional\u00bb se entiende un aparato con mandos sencillos, como los que se utilizan para la mayor\u00eda de los tipos de productos. Su interruptor de encendido y apagado est\u00e1 marcado de forma clara y sencilla con s\u00edmbolos internacionales.<\/p>\n","protected":false},"excerpt":{"rendered":"<p>Cottage Ujo es una casa independiente, dise\u00f1ada para estancias recreativas. De la limpieza general entre estancias y parte del mantenimiento se encarga una empresa de limpieza &#8211; \u00daklidovka A\u0161. El administrador t\u00e9cnico se encarga del mantenimiento t\u00e9cnico en funci\u00f3n de las necesidades. Ambos servicios son prestados y el alcance de su trabajo es ordenado por &hellip; <a href=\"https:\/\/casadeujo.com\/es\/normas-de-funcionamiento-de-la-casa-rural-de-ujo\" class=\"more-link\">Continue reading<span class=\"screen-reader-text\"> \u00abNormas de funcionamiento de la Casa Rural de Ujo\u00bb<\/span><\/a><\/p>\n","protected":false},"author":1,"featured_media":0,"parent":0,"menu_order":0,"comment_status":"closed","ping_status":"closed","template":"","meta":{"_monsterinsights_skip_tracking":false,"_monsterinsights_sitenote_active":false,"_monsterinsights_sitenote_note":"","_monsterinsights_sitenote_category":0,"_uf_show_specific_survey":0,"_uf_disable_surveys":false,"footnotes":""},"class_list":["post-450","page","type-page","status-publish","hentry"],"_links":{"self":[{"href":"https:\/\/casadeujo.com\/es\/wp-json\/wp\/v2\/pages\/450","targetHints":{"allow":["GET"]}}],"collection":[{"href":"https:\/\/casadeujo.com\/es\/wp-json\/wp\/v2\/pages"}],"about":[{"href":"https:\/\/casadeujo.com\/es\/wp-json\/wp\/v2\/types\/page"}],"author":[{"embeddable":true,"href":"https:\/\/casadeujo.com\/es\/wp-json\/wp\/v2\/users\/1"}],"replies":[{"embeddable":true,"href":"https:\/\/casadeujo.com\/es\/wp-json\/wp\/v2\/comments?post=450"}],"version-history":[{"count":3,"href":"https:\/\/casadeujo.com\/es\/wp-json\/wp\/v2\/pages\/450\/revisions"}],"predecessor-version":[{"id":454,"href":"https:\/\/casadeujo.com\/es\/wp-json\/wp\/v2\/pages\/450\/revisions\/454"}],"wp:attachment":[{"href":"https:\/\/casadeujo.com\/es\/wp-json\/wp\/v2\/media?parent=450"}],"curies":[{"name":"wp","href":"https:\/\/api.w.org\/{rel}","templated":true}]}}