{"id":493,"date":"2024-03-02T21:52:42","date_gmt":"2024-03-02T20:52:42","guid":{"rendered":"https:\/\/casadeujo.com\/donde-encontrarnos"},"modified":"2025-07-06T00:57:07","modified_gmt":"2025-07-05T23:57:07","slug":"donde-encontrarnos","status":"publish","type":"page","link":"https:\/\/casadeujo.com\/es\/donde-encontrarnos","title":{"rendered":"Contacto"},"content":{"rendered":"\n<h2 class=\"wp-block-heading\">Contacta con nosotros<\/h2>\n\n<p>\u00bfTiene alguna pregunta, deseo o quieres reservar directamente tu estancia? Estamos disponibles por tel\u00e9fono, correo electr\u00f3nico o mensajer\u00eda.<\/p>\n\n<ul class=\"wp-block-list\">\n<li><strong>\ud83d\udcf1 Tel:<\/strong> <a href=\"tel:+420774983572\">+420 774 983 572<\/a><\/li>\n\n\n\n<li><strong>\ud83d\udce7 Correo electr\u00f3nico:<\/strong> <a href=\"mailto:chataujo@seznam.cz\">chataujo@seznam.cz<\/a> o <a href=\"mailto:info@casadeujo.com\">info@casadeujo.com<\/a><\/li>\n\n\n\n<li><strong>\ud83d\udecb Messenger:<\/strong> <a href=\"https:\/\/m.me\/casadeujo\" target=\"_blank\" rel=\"noreferrer noopener\">Env\u00edanos un mensaje<\/a><\/li>\n<\/ul>\n\n<p><strong>\ud83d\udccd Direcci\u00f3n del alojamiento:<\/strong><br\/>Chata Ujo, Stud\u00e1nka 103, 351 34 Hranice u A\u0161e, \u010cesk\u00e1 republika<\/p>\n\n<p><strong>\ud83d\udd50 Tiempo de respuesta:<\/strong> Solemos responder en pocas horas.<br\/>Tambi\u00e9n estamos disponibles a trav\u00e9s de WhatsApp, SMS o llamadas cl\u00e1sicas.<\/p>\n\n<p><strong>\ud83c\udf10 Hablamos checo, espa\u00f1ol, ingl\u00e9s y alem\u00e1n.<\/strong><\/p>\n\n<hr class=\"wp-block-separator has-alpha-channel-opacity\"\/>\n\n<h3 class=\"wp-block-heading\">\ud83d\ude97 \u00bfC\u00f3mo localizarnos?<\/h3>\n\n<p>La casa rural Ujo est\u00e1 situada en el pueblo de Stud\u00e1nka, en el extremo occidental de la Rep\u00fablica Checa, a pocos minutos de la ciudad de A\u0161 y de la frontera con Alemania.<\/p>\n\n<ul class=\"wp-block-list\">\n<li>\ud83d\ude98 Desde <strong>Praga<\/strong> &#8211; unas 2 horas y 30 minutos (190 km)<\/li>\n\n\n\n<li>\ud83d\ude98 Desde <strong>Pilsen<\/strong> &#8211; aprox. 1 hora y 45 minutos (130 km)<\/li>\n\n\n\n<li>\ud83d\ude98 Desde <strong>Cheb<\/strong> &#8211; 30 minutos (35 km)<\/li>\n\n\n\n<li>\ud83d\ude98 Desde <strong>N\u00faremberg (Nuremberg<\/strong> ) &#8211; aprox. 2 horas (160 km)<\/li>\n\n\n\n<li>\ud83d\ude98 Desde <strong>Dresde<\/strong> &#8211; aprox. 2 horas y 15 minutos (170 km)<\/li>\n<\/ul>\n\n<p>En coche, puedes conducir f\u00e1cilmente por la carretera E48 \/ D6 (direcci\u00f3n Cheb), y luego por A\u0161 hasta Stud\u00e1nka.<\/p>\n\n<hr class=\"wp-block-separator has-alpha-channel-opacity\"\/>\n\n<h3 class=\"wp-block-heading\">\ud83d\udccd Puedes encontrarnos aqu\u00ed:<\/h3>\n\n<p><strong>Coordenadas GPS:<\/strong><br\/>Latitud: <code>50.295180<\/code><br\/>Longitud: <code>12.206860<\/code><br\/>Copia y pega en tu navegador o mapa m\u00f3vil:  <\/p>\n\n<p>https:\/\/www.google.com\/maps?q=50.295180,12.206860&#038;hl=cs&#038;z=15&#038;output=embed<\/p>\n","protected":false},"excerpt":{"rendered":"<p>Contacta con nosotros \u00bfTiene alguna pregunta, deseo o quieres reservar directamente tu estancia? Estamos disponibles por tel\u00e9fono, correo electr\u00f3nico o mensajer\u00eda. \ud83d\udccd Direcci\u00f3n del alojamiento:Chata Ujo, Stud\u00e1nka 103, 351 34 Hranice u A\u0161e, \u010cesk\u00e1 republika \ud83d\udd50 Tiempo de respuesta: Solemos responder en pocas horas.Tambi\u00e9n estamos disponibles a trav\u00e9s de WhatsApp, SMS o llamadas cl\u00e1sicas. \ud83c\udf10 &hellip; <a href=\"https:\/\/casadeujo.com\/es\/donde-encontrarnos\" class=\"more-link\">Continue reading<span class=\"screen-reader-text\"> \u00abContacto\u00bb<\/span><\/a><\/p>\n","protected":false},"author":1,"featured_media":0,"parent":0,"menu_order":0,"comment_status":"closed","ping_status":"closed","template":"","meta":{"_monsterinsights_skip_tracking":false,"_monsterinsights_sitenote_active":false,"_monsterinsights_sitenote_note":"","_monsterinsights_sitenote_category":0,"_uf_show_specific_survey":0,"_uf_disable_surveys":false,"footnotes":""},"class_list":["post-493","page","type-page","status-publish","hentry"],"_links":{"self":[{"href":"https:\/\/casadeujo.com\/es\/wp-json\/wp\/v2\/pages\/493","targetHints":{"allow":["GET"]}}],"collection":[{"href":"https:\/\/casadeujo.com\/es\/wp-json\/wp\/v2\/pages"}],"about":[{"href":"https:\/\/casadeujo.com\/es\/wp-json\/wp\/v2\/types\/page"}],"author":[{"embeddable":true,"href":"https:\/\/casadeujo.com\/es\/wp-json\/wp\/v2\/users\/1"}],"replies":[{"embeddable":true,"href":"https:\/\/casadeujo.com\/es\/wp-json\/wp\/v2\/comments?post=493"}],"version-history":[{"count":9,"href":"https:\/\/casadeujo.com\/es\/wp-json\/wp\/v2\/pages\/493\/revisions"}],"predecessor-version":[{"id":789,"href":"https:\/\/casadeujo.com\/es\/wp-json\/wp\/v2\/pages\/493\/revisions\/789"}],"wp:attachment":[{"href":"https:\/\/casadeujo.com\/es\/wp-json\/wp\/v2\/media?parent=493"}],"curies":[{"name":"wp","href":"https:\/\/api.w.org\/{rel}","templated":true}]}}