{"id":541,"date":"2024-03-02T18:26:49","date_gmt":"2024-03-02T17:26:49","guid":{"rendered":"https:\/\/casadeujo.com\/politica-de-privacidad"},"modified":"2024-04-16T09:24:21","modified_gmt":"2024-04-16T08:24:21","slug":"politica-de-privacidad","status":"publish","type":"page","link":"https:\/\/casadeujo.com\/es\/politica-de-privacidad","title":{"rendered":"Pol\u00edtica de privacidad"},"content":{"rendered":"\n<p><strong>Pol\u00edtica de privacidad de <a href=\"https:\/\/casadeujo.com\/es\">https:\/\/casadeujo.com<\/a><\/strong><\/p>\n\n<p><strong>1. Introducci\u00f3n<\/strong> Bienvenido a <a href=\"https:\/\/casadeujo.com\/es\">https:\/\/casadeujo.com.<\/a> Nos comprometemos a proteger su informaci\u00f3n personal y su vida privada. Esta pol\u00edtica de privacidad explica qu\u00e9 informaci\u00f3n recogemos sobre usted, por qu\u00e9 la recogemos y c\u00f3mo la utilizamos.<\/p>\n\n<p><strong>2. Qu\u00e9 datos personales recogemos<\/strong> Podemos recoger y tratar los siguientes datos personales:<\/p>\n\n<ul class=\"wp-block-list\">\n<li>Nombre y apellidos<\/li>\n\n\n\n<li>Informaci\u00f3n de contacto, incluida la direcci\u00f3n de correo electr\u00f3nico y el n\u00famero de tel\u00e9fono<\/li>\n\n\n\n<li>Direcci\u00f3n de residencia<\/li>\n\n\n\n<li>Informaci\u00f3n sobre su pago, datos bancarios<\/li>\n\n\n\n<li>Informaci\u00f3n sobre su uso de nuestro sitio web<\/li>\n<\/ul>\n\n<p><strong>3. C\u00f3mo utilizamos sus datos<\/strong> personales Utilizamos sus datos personales para:<\/p>\n\n<ul class=\"wp-block-list\">\n<li>Tramitaci\u00f3n de sus reservas y prestaci\u00f3n de nuestros servicios<\/li>\n\n\n\n<li>Mejorar nuestros servicios y el contenido del sitio web<\/li>\n\n\n\n<li>Comunicarnos con usted y responder a sus preguntas y solicitudes.<\/li>\n\n\n\n<li>Fines legales y cumplimiento de la legislaci\u00f3n pertinente<\/li>\n<\/ul>\n\n<p><strong>4. Compartir sus datos<\/strong> personales Sus datos personales podr\u00e1n ser compartidos con terceros en los siguientes casos:<\/p>\n\n<ul class=\"wp-block-list\">\n<li>Cuando sea necesario para prestar nuestros servicios (por ejemplo, procesadores de pagos)<\/li>\n\n\n\n<li>Cuando lo exija la ley o sea necesario para proteger nuestros derechos<\/li>\n<\/ul>\n\n<p><strong>5. Tus derechos<\/strong> Tienes derecho a:<\/p>\n\n<ul class=\"wp-block-list\">\n<li>Solicitar acceso a sus datos personales<\/li>\n\n\n\n<li>Solicitar la rectificaci\u00f3n o supresi\u00f3n de sus datos personales<\/li>\n\n\n\n<li>Rechazar el tratamiento de sus datos personales<\/li>\n\n\n\n<li>Solicitar la limitaci\u00f3n del tratamiento de sus datos personales<\/li>\n<\/ul>\n\n<p><strong>6. Seguridad de sus datos<\/strong> personales Tomamos medidas razonables para proteger sus datos personales contra el acceso no autorizado, la alteraci\u00f3n, la divulgaci\u00f3n o la destrucci\u00f3n.<\/p>\n\n<p><strong>7. Cambios en la Pol\u00edtica<\/strong> de Privacidad Podemos actualizar esta Pol\u00edtica de Privacidad de vez en cuando. Le recomendamos que consulte esta p\u00e1gina con regularidad para comprobar si se han producido cambios.<\/p>\n\n<p><strong>8. Informaci\u00f3n de contacto<\/strong> Si tiene alguna pregunta o duda sobre nuestra pol\u00edtica de privacidad, p\u00f3ngase en contacto con nosotros en: info@casadeujo.com.<\/p>\n\n<p>Fecha de entrada en vigor: 02.03.2024<\/p>\n\n<p><\/p>\n","protected":false},"excerpt":{"rendered":"<p>Pol\u00edtica de privacidad de https:\/\/casadeujo.com 1. Introducci\u00f3n Bienvenido a https:\/\/casadeujo.com. Nos comprometemos a proteger su informaci\u00f3n personal y su vida privada. Esta pol\u00edtica de privacidad explica qu\u00e9 informaci\u00f3n recogemos sobre usted, por qu\u00e9 la recogemos y c\u00f3mo la utilizamos. 2. Qu\u00e9 datos personales recogemos Podemos recoger y tratar los siguientes datos personales: 3. C\u00f3mo utilizamos &hellip; <a href=\"https:\/\/casadeujo.com\/es\/politica-de-privacidad\" class=\"more-link\">Continue reading<span class=\"screen-reader-text\"> \u00abPol\u00edtica de privacidad\u00bb<\/span><\/a><\/p>\n","protected":false},"author":1,"featured_media":0,"parent":0,"menu_order":0,"comment_status":"closed","ping_status":"open","template":"","meta":{"_monsterinsights_skip_tracking":false,"_monsterinsights_sitenote_active":false,"_monsterinsights_sitenote_note":"","_monsterinsights_sitenote_category":0,"_uf_show_specific_survey":0,"_uf_disable_surveys":false,"footnotes":""},"class_list":["post-541","page","type-page","status-publish","hentry"],"_links":{"self":[{"href":"https:\/\/casadeujo.com\/es\/wp-json\/wp\/v2\/pages\/541","targetHints":{"allow":["GET"]}}],"collection":[{"href":"https:\/\/casadeujo.com\/es\/wp-json\/wp\/v2\/pages"}],"about":[{"href":"https:\/\/casadeujo.com\/es\/wp-json\/wp\/v2\/types\/page"}],"author":[{"embeddable":true,"href":"https:\/\/casadeujo.com\/es\/wp-json\/wp\/v2\/users\/1"}],"replies":[{"embeddable":true,"href":"https:\/\/casadeujo.com\/es\/wp-json\/wp\/v2\/comments?post=541"}],"version-history":[{"count":3,"href":"https:\/\/casadeujo.com\/es\/wp-json\/wp\/v2\/pages\/541\/revisions"}],"predecessor-version":[{"id":545,"href":"https:\/\/casadeujo.com\/es\/wp-json\/wp\/v2\/pages\/541\/revisions\/545"}],"wp:attachment":[{"href":"https:\/\/casadeujo.com\/es\/wp-json\/wp\/v2\/media?parent=541"}],"curies":[{"name":"wp","href":"https:\/\/api.w.org\/{rel}","templated":true}]}}