{"id":709,"date":"2025-07-05T22:47:50","date_gmt":"2025-07-05T21:47:50","guid":{"rendered":"https:\/\/casadeujo.com\/comodidad-equipamiento"},"modified":"2025-07-06T00:03:36","modified_gmt":"2025-07-05T23:03:36","slug":"comodidad-equipamiento","status":"publish","type":"page","link":"https:\/\/casadeujo.com\/es\/comodidad-equipamiento","title":{"rendered":"Equipamiento"},"content":{"rendered":"\n<p>Para que tu estancia con nosotros sea lo m\u00e1s agradable posible, hemos ido mejorando la casa de campo con una serie de detalles que los hu\u00e9spedes aprecian:<\/p>\n\n<p>&#8211; nueva cama el\u00e1stica para ni\u00f1os<br\/>&#8211; c\u00f3modos asientos al aire libre junto a la chimenea<br\/>&#8211; nueva barbacoa para las noches de verano<br\/>&#8211; aire acondicionado en las zonas de estar principales<br\/>&#8211; Netflix y Wi-Fi gratuito<br\/>&#8211; secadora disponible<br\/>&#8211; cocina totalmente equipada con cafetera<br\/>&#8211; juegos y juguetes para ni\u00f1os al fondo de la c\u00f3moda del sal\u00f3n<br\/>&#8211; tranquila ubicaci\u00f3n al aire libre con un gran jard\u00edn, ideal para relajarse<\/p>\n\n<p>Creemos que estas peque\u00f1as cosas contribuir\u00e1n a que tu estancia sea tranquila y sin molestias.<\/p>\n","protected":false},"excerpt":{"rendered":"<p>Para que tu estancia con nosotros sea lo m\u00e1s agradable posible, hemos ido mejorando la casa de campo con una serie de detalles que los hu\u00e9spedes aprecian: &#8211; nueva cama el\u00e1stica para ni\u00f1os&#8211; c\u00f3modos asientos al aire libre junto a la chimenea&#8211; nueva barbacoa para las noches de verano&#8211; aire acondicionado en las zonas de &hellip; <a href=\"https:\/\/casadeujo.com\/es\/comodidad-equipamiento\" class=\"more-link\">Continue reading<span class=\"screen-reader-text\"> \u00abEquipamiento\u00bb<\/span><\/a><\/p>\n","protected":false},"author":3,"featured_media":0,"parent":0,"menu_order":0,"comment_status":"closed","ping_status":"closed","template":"","meta":{"_monsterinsights_skip_tracking":false,"_monsterinsights_sitenote_active":false,"_monsterinsights_sitenote_note":"","_monsterinsights_sitenote_category":0,"_uf_show_specific_survey":0,"_uf_disable_surveys":false,"footnotes":""},"class_list":["post-709","page","type-page","status-publish","hentry"],"_links":{"self":[{"href":"https:\/\/casadeujo.com\/es\/wp-json\/wp\/v2\/pages\/709","targetHints":{"allow":["GET"]}}],"collection":[{"href":"https:\/\/casadeujo.com\/es\/wp-json\/wp\/v2\/pages"}],"about":[{"href":"https:\/\/casadeujo.com\/es\/wp-json\/wp\/v2\/types\/page"}],"author":[{"embeddable":true,"href":"https:\/\/casadeujo.com\/es\/wp-json\/wp\/v2\/users\/3"}],"replies":[{"embeddable":true,"href":"https:\/\/casadeujo.com\/es\/wp-json\/wp\/v2\/comments?post=709"}],"version-history":[{"count":3,"href":"https:\/\/casadeujo.com\/es\/wp-json\/wp\/v2\/pages\/709\/revisions"}],"predecessor-version":[{"id":750,"href":"https:\/\/casadeujo.com\/es\/wp-json\/wp\/v2\/pages\/709\/revisions\/750"}],"wp:attachment":[{"href":"https:\/\/casadeujo.com\/es\/wp-json\/wp\/v2\/media?parent=709"}],"curies":[{"name":"wp","href":"https:\/\/api.w.org\/{rel}","templated":true}]}}