{"id":741,"date":"2025-07-05T23:33:17","date_gmt":"2025-07-05T22:33:17","guid":{"rendered":"https:\/\/casadeujo.com\/ofertas-de-precios"},"modified":"2025-07-06T00:12:13","modified_gmt":"2025-07-05T23:12:13","slug":"ofertas-de-precios","status":"publish","type":"page","link":"https:\/\/casadeujo.com\/es\/ofertas-de-precios","title":{"rendered":"Precios"},"content":{"rendered":"\n<h2 class=\"wp-block-heading\">Precios<\/h2>\n\n<p><strong>Precio para toda la casa (hasta 7 personas):<\/strong><\/p>\n\n<hr class=\"wp-block-separator has-alpha-channel-opacity\"\/>\n\n<h3 class=\"wp-block-heading\">\ud83c\udf1e Vacaciones de verano (julio-agosto)<\/h3>\n\n<ul class=\"wp-block-list\">\n<li><strong>2 900 CZK \/ noche<\/strong><\/li>\n\n\n\n<li>S\u00f3lo estancia semanal (s\u00e1bado-s\u00e1bado)<\/li>\n\n\n\n<li>Llegada: a partir de las 16:00 (posibilidad de llegar antes con cita previa)<\/li>\n\n\n\n<li>Salida: hasta las 10:00<\/li>\n<\/ul>\n\n<h3 class=\"wp-block-heading\">\ud83c\udf84 Navidad (20-26 de diciembre)<\/h3>\n\n<ul class=\"wp-block-list\">\n<li><strong>21 000 CZK \/ semana<\/strong> (incluye decoraci\u00f3n navide\u00f1a )<\/li>\n\n\n\n<li>Precio para 5 personas<\/li>\n\n\n\n<li>Cada persona adicional: <strong>600 CZK \/ noche<\/strong><\/li>\n\n\n\n<li>Estancia m\u00ednima: 7 noches<\/li>\n\n\n\n<li>Llegada y salida con cita previa<\/li>\n<\/ul>\n\n<h3 class=\"wp-block-heading\">\ud83c\udf89 Nochevieja (30. 12.-2. 1.)<\/h3>\n\n<ul class=\"wp-block-list\">\n<li><strong>25 000 CZK \/ estancia<\/strong> para 5 personas<\/li>\n\n\n\n<li>Incluye una botella de vino espumoso y madera<\/li>\n\n\n\n<li>Cada persona adicional: <strong>600 CZK \/ noche<\/strong><\/li>\n\n\n\n<li>Estancia m\u00ednima: 3 noches<\/li>\n\n\n\n<li>Cada noche extra (26.-30. 12. y 2.-4. 1.): <strong>3 000 CZK \/ noche<\/strong><\/li>\n\n\n\n<li><strong>En caso de inter\u00e9s por una estancia de una semana:<\/strong> precio a convenir<\/li>\n<\/ul>\n\n<h3 class=\"wp-block-heading\">\ud83d\udc23 Semana Santa (jueves-lunes)<\/h3>\n\n<ul class=\"wp-block-list\">\n<li><strong>20 000 CZK \/ estancia<\/strong> (para 5 personas)<\/li>\n\n\n\n<li>Cada persona adicional: <strong>400 CZK \/ noche<\/strong><\/li>\n\n\n\n<li>Llegada y salida con cita previa<\/li>\n<\/ul>\n\n<h3 class=\"wp-block-heading\">\u2744\ufe0f Fines de semana de invierno (enero-marzo)<\/h3>\n\n<ul class=\"wp-block-list\">\n<li><strong>8 000 CZK \/ 2 noches<\/strong> para 4 personas<\/li>\n\n\n\n<li>Cada persona adicional: <strong>300 CZK \/ noche<\/strong><\/li>\n<\/ul>\n\n<h3 class=\"wp-block-heading\">\u26f7\ufe0f Estancias de una semana en invierno (enero-marzo)<\/h3>\n\n<ul class=\"wp-block-list\">\n<li><strong>18 000 CZK \/ semana<\/strong> para 5 personas<\/li>\n\n\n\n<li>5. &#8211; 7. persona: <strong>+250 CZK \/ noche<\/strong><\/li>\n<\/ul>\n\n<h3 class=\"wp-block-heading\">\ud83c\udf42 Fuera de temporada<\/h3>\n\n<ul class=\"wp-block-list\">\n<li><strong>Fines de semana normales:<\/strong> 3 800 CZK \/ noche<\/li>\n\n\n\n<li><strong>Estancias semanales (m\u00e1s de 7 noches):<\/strong> 2 400 CZK \/ noche<\/li>\n\n\n\n<li><em>Seg\u00fan el acuerdo se puede cobrar:<\/em>\n<ul class=\"wp-block-list\">\n<li>350 CZK \/ persona \/ noche (fin de semana)<\/li>\n\n\n\n<li>300 CZK \/ persona \/ noche (d\u00edas laborables)<\/li>\n<\/ul>\n<\/li>\n<\/ul>\n\n<hr class=\"wp-block-separator has-alpha-channel-opacity\"\/>\n\n<h3 class=\"wp-block-heading\">\u2705 El precio incluye:<\/h3>\n\n<p>Wi-Fi, Netflix, ropa de cama, toallas, limpieza final, le\u00f1a, aire acondicionado, electricidad.<\/p>\n\n<hr class=\"wp-block-separator has-alpha-channel-opacity\"\/>\n\n<h3 class=\"wp-block-heading\">\u2139\ufe0f Informaci\u00f3n adicional:<\/h3>\n\n<ul class=\"wp-block-list\">\n<li>Capacidad m\u00e1xima: <strong>7 personas<\/strong><\/li>\n\n\n\n<li>Precio fuera de vacaciones v\u00e1lido para 1-4 personas<\/li>\n\n\n\n<li>5\u00aa a 7\u00aa persona: <strong>+300 CZK \/ noche<\/strong> <\/li>\n\n\n\n<li>Navidad y Nochevieja: precio para 5 personas, cada persona adicional: <strong>+600 CZK \/ noche<\/strong><\/li>\n\n\n\n<li><strong>Se admiten perros gratis<\/strong> (no se admiten en camas ni sof\u00e1s)<\/li>\n<\/ul>\n\n<hr class=\"wp-block-separator has-alpha-channel-opacity\"\/>\n\n<h3 class=\"wp-block-heading\">\ud83d\udcb3 Dep\u00f3sito y pago:<\/h3>\n\n<ul class=\"wp-block-list\">\n<li><strong>Fianza por estancia con perro:<\/strong> 2 000 CZK (reembolsable)<\/li>\n\n\n\n<li><strong>Dep\u00f3sito de llaves:<\/strong> 1 500 CZK (no reembolsable si no se devuelven las llaves al buz\u00f3n)<\/li>\n\n\n\n<li><strong>Dep\u00f3sito:<\/strong> 4 000 CZK por transferencia bancaria para confirmar la reserva<\/li>\n\n\n\n<li><strong>Recargo:<\/strong> a m\u00e1s tardar un mes antes de la llegada<\/li>\n\n\n\n<li><strong>Pagos:<\/strong> exclusivamente por transferencia bancaria  <\/li>\n<\/ul>\n\n<h3 class=\"wp-block-heading\">\u274c Pol\u00edtica de cancelaci\u00f3n:<\/h3>\n\n<ul class=\"wp-block-list\">\n<li><strong>Hasta 2 meses antes de la llegada:<\/strong> se devuelve el 100% del dep\u00f3sito<\/li>\n\n\n\n<li><strong>Hasta 1 mes antes de la llegada:<\/strong> se devuelve el 50% del dep\u00f3sito<\/li>\n\n\n\n<li><strong>Un mes o menos antes de la llegada:<\/strong> el dep\u00f3sito no es reembolsable<\/li>\n\n\n\n<li><strong>Si se ha pagado el importe total de la estancia:<\/strong> se puede anular hasta 14 d\u00edas antes de la llegada con un reembolso del 50% del <strong>precio total<\/strong><\/li>\n\n\n\n<li><strong>Si no te presentas:<\/strong> el dep\u00f3sito y el pago no son reembolsables<\/li>\n<\/ul>\n","protected":false},"excerpt":{"rendered":"<p>Precios Precio para toda la casa (hasta 7 personas): \ud83c\udf1e Vacaciones de verano (julio-agosto) \ud83c\udf84 Navidad (20-26 de diciembre) \ud83c\udf89 Nochevieja (30. 12.-2. 1.) \ud83d\udc23 Semana Santa (jueves-lunes) \u2744\ufe0f Fines de semana de invierno (enero-marzo) \u26f7\ufe0f Estancias de una semana en invierno (enero-marzo) \ud83c\udf42 Fuera de temporada \u2705 El precio incluye: Wi-Fi, Netflix, ropa de &hellip; <a href=\"https:\/\/casadeujo.com\/es\/ofertas-de-precios\" class=\"more-link\">Continue reading<span class=\"screen-reader-text\"> \u00abPrecios\u00bb<\/span><\/a><\/p>\n","protected":false},"author":3,"featured_media":0,"parent":0,"menu_order":0,"comment_status":"closed","ping_status":"closed","template":"","meta":{"_monsterinsights_skip_tracking":false,"_monsterinsights_sitenote_active":false,"_monsterinsights_sitenote_note":"","_monsterinsights_sitenote_category":0,"_uf_show_specific_survey":0,"_uf_disable_surveys":false,"footnotes":""},"class_list":["post-741","page","type-page","status-publish","hentry"],"_links":{"self":[{"href":"https:\/\/casadeujo.com\/es\/wp-json\/wp\/v2\/pages\/741","targetHints":{"allow":["GET"]}}],"collection":[{"href":"https:\/\/casadeujo.com\/es\/wp-json\/wp\/v2\/pages"}],"about":[{"href":"https:\/\/casadeujo.com\/es\/wp-json\/wp\/v2\/types\/page"}],"author":[{"embeddable":true,"href":"https:\/\/casadeujo.com\/es\/wp-json\/wp\/v2\/users\/3"}],"replies":[{"embeddable":true,"href":"https:\/\/casadeujo.com\/es\/wp-json\/wp\/v2\/comments?post=741"}],"version-history":[{"count":7,"href":"https:\/\/casadeujo.com\/es\/wp-json\/wp\/v2\/pages\/741\/revisions"}],"predecessor-version":[{"id":754,"href":"https:\/\/casadeujo.com\/es\/wp-json\/wp\/v2\/pages\/741\/revisions\/754"}],"wp:attachment":[{"href":"https:\/\/casadeujo.com\/es\/wp-json\/wp\/v2\/media?parent=741"}],"curies":[{"name":"wp","href":"https:\/\/api.w.org\/{rel}","templated":true}]}}